{"id":6144,"date":"2019-04-18T14:26:36","date_gmt":"2019-04-18T17:26:36","guid":{"rendered":"https:\/\/sites.teratec.com.br\/ipmu\/?page_id=6144"},"modified":"2024-07-29T00:27:29","modified_gmt":"2024-07-29T03:27:29","slug":"planejamento-estrategico","status":"publish","type":"page","link":"https:\/\/ipmu.com.br\/site\/transparencia\/relatorio-gestao\/planejamento-estrategico\/","title":{"rendered":"Planejamento Estrat\u00e9gico"},"content":{"rendered":"\r\n<link href=\"https:\/\/cdnjs.cloudflare.com\/ajax\/libs\/jqueryui\/1.13.2\/themes\/base\/jquery-ui.min.css\" rel=\"stylesheet\">\r\n<link href=\"https:\/\/cdn.datatables.net\/v\/ju\/jszip-3.10.1\/dt-2.1.2\/b-3.1.0\/b-html5-3.1.0\/b-print-3.1.0\/date-1.5.3\/kt-2.12.1\/r-3.0.2\/sc-2.4.3\/datatables.min.css\" rel=\"stylesheet\">\r\n \r\n<script src=\"https:\/\/cdnjs.cloudflare.com\/ajax\/libs\/pdfmake\/0.2.7\/pdfmake.min.js\"><\/script>\r\n<script src=\"https:\/\/cdnjs.cloudflare.com\/ajax\/libs\/pdfmake\/0.2.7\/vfs_fonts.js\"><\/script>\r\n<script src=\"https:\/\/cdn.datatables.net\/v\/ju\/jszip-3.10.1\/dt-2.1.2\/b-3.1.0\/b-html5-3.1.0\/b-print-3.1.0\/date-1.5.3\/kt-2.12.1\/r-3.0.2\/sc-2.4.3\/datatables.min.js\"><\/script>\r\n<script src=\"https:\/\/cdnjs.cloudflare.com\/ajax\/libs\/jqueryui\/1.13.2\/jquery-ui.min.js\"><\/script>\r\n\r\n<table id=\"apr\" class=\"display compact\">\r\n\t<thead>\r\n\t\t<tr>\r\n\t\t\t<th>Ano<\/th>\r\n\t\t\t<th>T\u00edtulo<\/th>\r\n\t\t\t<th>Descri\u00e7\u00e3o<\/th>\r\n\t\t\t<th>Downloads<\/th>\r\n\t\t\t<th>Tamanho<\/th>\r\n\t\t\t<th>Op\u00e7\u00f5es<\/th>\r\n\t\t<\/tr>\r\n\t<\/thead>\r\n\t<tfoot style=\"display: table-header-group !important;\">\r\n\t\t<tr>\r\n\t\t\t<th style=\"max-width: 4em\">Ano<\/th>\r\n\t\t\t<th>T\u00edtulo<\/th>\r\n\t\t\t<th>Descri\u00e7\u00e3o<\/th>\r\n\t\t\t<th style=\"max-width: 4em\">Downloads<\/th>\r\n\t\t\t<th style=\"max-width: 4em\">Tamanho<\/th>\r\n\t\t\t<th style=\"max-width: 4em\">Op\u00e7\u00f5es<\/th>\r\n\t\t<\/tr>\r\n\t<\/tfoot>\r\n\t<tbody>\r\n\r\n\t\t\r\n\t\t\t<tr style=\"cursor: pointer;\" onclick=\"window.location.href = '\/site\/download\/plano-de-acao-conselho-fiscal\/?wpdmdl=190043';\">\r\n\t\t\r\n\t\t\t<td>2.026<\/td>\r\n\t\t\t<td>Plano de A\u00e7\u00e3o Conselho Fiscal<\/td>\r\n\t\t\t<td><p>2026<\/p>\n<\/td>\r\n\t\t\t<td>64<\/td>\r\n\t\t\t<td style=\"text-align:right;\">376.54 KB<\/td>\r\n\t\t\r\n\t\t\t<td><a href=\"\/site\/download\/plano-de-acao-conselho-fiscal\/?wpdmdl=190043\"><i class=\"fa fa-download\"><\/i> Acessar<\/a><\/td>\r\n\t\t\r\n\t\t<\/tr>\r\n\r\n\t\t\r\n\t\t\t<tr style=\"cursor: pointer;\" onclick=\"window.location.href = '\/site\/download\/plano-de-acao-conselho-deliberativo-2\/?wpdmdl=190042';\">\r\n\t\t\r\n\t\t\t<td>2.026<\/td>\r\n\t\t\t<td>Plano de A\u00e7\u00e3o Conselho Deliberativo<\/td>\r\n\t\t\t<td><p>2026<\/p>\n<\/td>\r\n\t\t\t<td>38<\/td>\r\n\t\t\t<td style=\"text-align:right;\">376.54 KB<\/td>\r\n\t\t\r\n\t\t\t<td><a href=\"\/site\/download\/plano-de-acao-conselho-deliberativo-2\/?wpdmdl=190042\"><i class=\"fa fa-download\"><\/i> Acessar<\/a><\/td>\r\n\t\t\r\n\t\t<\/tr>\r\n\r\n\t\t\r\n\t\t\t<tr style=\"cursor: pointer;\" onclick=\"window.location.href = '\/site\/download\/plano-de-acao-comite-de-investimentos-2\/?wpdmdl=190044';\">\r\n\t\t\r\n\t\t\t<td>2.026<\/td>\r\n\t\t\t<td>Plano de A\u00e7\u00e3o Comit\u00ea de Investimentos<\/td>\r\n\t\t\t<td><p>2026<\/p>\n<\/td>\r\n\t\t\t<td>41<\/td>\r\n\t\t\t<td style=\"text-align:right;\">376.54 KB<\/td>\r\n\t\t\r\n\t\t\t<td><a href=\"\/site\/download\/plano-de-acao-comite-de-investimentos-2\/?wpdmdl=190044\"><i class=\"fa fa-download\"><\/i> Acessar<\/a><\/td>\r\n\t\t\r\n\t\t<\/tr>\r\n\r\n\t\t\r\n\t\t\t<tr style=\"cursor: pointer;\" onclick=\"window.location.href = '\/site\/download\/plano-de-acao-11\/?wpdmdl=190041';\">\r\n\t\t\r\n\t\t\t<td>2.026<\/td>\r\n\t\t\t<td>Plano de A\u00e7\u00e3o<\/td>\r\n\t\t\t<td><p>2026<\/p>\n<\/td>\r\n\t\t\t<td>74<\/td>\r\n\t\t\t<td style=\"text-align:right;\">205.41 KB<\/td>\r\n\t\t\r\n\t\t\t<td><a href=\"\/site\/download\/plano-de-acao-11\/?wpdmdl=190041\"><i class=\"fa fa-download\"><\/i> Acessar<\/a><\/td>\r\n\t\t\r\n\t\t<\/tr>\r\n\r\n\t\t\r\n\t\t\t<tr style=\"cursor: pointer;\" onclick=\"window.location.href = '\/site\/download\/planejamento-estrategico-10\/?wpdmdl=190040';\">\r\n\t\t\r\n\t\t\t<td>2.026<\/td>\r\n\t\t\t<td>Planejamento Estrat\u00e9gico<\/td>\r\n\t\t\t<td><p>2026<\/p>\n<\/td>\r\n\t\t\t<td>40<\/td>\r\n\t\t\t<td style=\"text-align:right;\">4.79 MB<\/td>\r\n\t\t\r\n\t\t\t<td><a href=\"\/site\/download\/planejamento-estrategico-10\/?wpdmdl=190040\"><i class=\"fa fa-download\"><\/i> Acessar<\/a><\/td>\r\n\t\t\r\n\t\t<\/tr>\r\n\r\n\t\t\r\n\t\t\t<tr style=\"cursor: pointer;\" onclick=\"window.location.href = '\/site\/download\/plano-de-capacitacao-4\/?wpdmdl=128829';\">\r\n\t\t\r\n\t\t\t<td>2.025<\/td>\r\n\t\t\t<td>Plano de Capacita\u00e7\u00e3o<\/td>\r\n\t\t\t<td><p>2025<\/p>\n<\/td>\r\n\t\t\t<td>111<\/td>\r\n\t\t\t<td style=\"text-align:right;\">645.68 KB<\/td>\r\n\t\t\r\n\t\t\t<td><a href=\"\/site\/download\/plano-de-capacitacao-4\/?wpdmdl=128829\"><i class=\"fa fa-download\"><\/i> Acessar<\/a><\/td>\r\n\t\t\r\n\t\t<\/tr>\r\n\r\n\t\t\r\n\t\t\t<tr style=\"cursor: pointer;\" onclick=\"window.location.href = '\/site\/download\/no-de-acao-conselho-fiscal\/?wpdmdl=128827';\">\r\n\t\t\r\n\t\t\t<td>2.025<\/td>\r\n\t\t\t<td>Plano de A\u00e7\u00e3o Conselho Fiscal<\/td>\r\n\t\t\t<td><p>2025<\/p>\n<\/td>\r\n\t\t\t<td>63<\/td>\r\n\t\t\t<td style=\"text-align:right;\">1.13 MB<\/td>\r\n\t\t\r\n\t\t\t<td><a href=\"\/site\/download\/no-de-acao-conselho-fiscal\/?wpdmdl=128827\"><i class=\"fa fa-download\"><\/i> Acessar<\/a><\/td>\r\n\t\t\r\n\t\t<\/tr>\r\n\r\n\t\t\r\n\t\t\t<tr style=\"cursor: pointer;\" onclick=\"window.location.href = '\/site\/download\/plano-de-acao-conselho-deliberativo\/?wpdmdl=128826';\">\r\n\t\t\r\n\t\t\t<td>2.025<\/td>\r\n\t\t\t<td>Plano de A\u00e7\u00e3o Conselho Deliberativo<\/td>\r\n\t\t\t<td><p>2025<\/p>\n<\/td>\r\n\t\t\t<td>71<\/td>\r\n\t\t\t<td style=\"text-align:right;\">1.13 MB<\/td>\r\n\t\t\r\n\t\t\t<td><a href=\"\/site\/download\/plano-de-acao-conselho-deliberativo\/?wpdmdl=128826\"><i class=\"fa fa-download\"><\/i> Acessar<\/a><\/td>\r\n\t\t\r\n\t\t<\/tr>\r\n\r\n\t\t\r\n\t\t\t<tr style=\"cursor: pointer;\" onclick=\"window.location.href = '\/site\/download\/plano-de-acao-comite-de-investimentos\/?wpdmdl=128828';\">\r\n\t\t\r\n\t\t\t<td>2.025<\/td>\r\n\t\t\t<td>Plano de A\u00e7\u00e3o Comit\u00ea de Investimentos<\/td>\r\n\t\t\t<td><p>2025<\/p>\n<\/td>\r\n\t\t\t<td>80<\/td>\r\n\t\t\t<td style=\"text-align:right;\">1.13 MB<\/td>\r\n\t\t\r\n\t\t\t<td><a href=\"\/site\/download\/plano-de-acao-comite-de-investimentos\/?wpdmdl=128828\"><i class=\"fa fa-download\"><\/i> Acessar<\/a><\/td>\r\n\t\t\r\n\t\t<\/tr>\r\n\r\n\t\t\r\n\t\t\t<tr style=\"cursor: pointer;\" onclick=\"window.location.href = '\/site\/download\/plano-de-acao-10\/?wpdmdl=128824';\">\r\n\t\t\r\n\t\t\t<td>2.025<\/td>\r\n\t\t\t<td>Plano de A\u00e7\u00e3o<\/td>\r\n\t\t\t<td><p>2025<\/p>\n<\/td>\r\n\t\t\t<td>89<\/td>\r\n\t\t\t<td style=\"text-align:right;\">154.68 KB<\/td>\r\n\t\t\r\n\t\t\t<td><a href=\"\/site\/download\/plano-de-acao-10\/?wpdmdl=128824\"><i class=\"fa fa-download\"><\/i> Acessar<\/a><\/td>\r\n\t\t\r\n\t\t<\/tr>\r\n\r\n\t\t\r\n\t\t\t<tr style=\"cursor: pointer;\" onclick=\"window.location.href = '\/site\/download\/planejamento-estrategico-9\/?wpdmdl=128822';\">\r\n\t\t\r\n\t\t\t<td>2.025<\/td>\r\n\t\t\t<td>Planejamento Estrat\u00e9gico<\/td>\r\n\t\t\t<td><p>2025<\/p>\n<\/td>\r\n\t\t\t<td>69<\/td>\r\n\t\t\t<td style=\"text-align:right;\">1.15 MB<\/td>\r\n\t\t\r\n\t\t\t<td><a href=\"\/site\/download\/planejamento-estrategico-9\/?wpdmdl=128822\"><i class=\"fa fa-download\"><\/i> Acessar<\/a><\/td>\r\n\t\t\r\n\t\t<\/tr>\r\n\r\n\t\t\r\n\t\t\t<tr style=\"cursor: pointer;\" onclick=\"window.location.href = '\/site\/wp-content\/uploads\/filebase\/transparencia\/relatoriodegestao\/estrat\u00e9gico\/Plano Anual de Contrata\u00e7\u00e3o.pdf';\">\r\n\t\t\t\r\n\t\t\t<td>2.024<\/td>\r\n\t\t\t<td>Plano de Contrata\u00e7\u00e3o<\/td>\r\n\t\t\t<td><p>2024<\/p>\n<\/td>\r\n\t\t\t<td>9<\/td>\r\n\t\t\t<td style=\"text-align:right;\">4 MB<\/td>\r\n\t\t\r\n\t\t\t<td><a href=\"\/site\/wp-content\/uploads\/filebase\/transparencia\/relatoriodegestao\/estrat\u00e9gico\/Plano Anual de Contrata\u00e7\u00e3o.pdf\"><i class=\"fa fa-download\"><\/i> Acessar<\/a><\/td>\r\n\t\t\t\r\n\t\t<\/tr>\r\n\r\n\t\t\r\n\t\t\t<tr style=\"cursor: pointer;\" onclick=\"window.location.href = '\/site\/wp-content\/uploads\/filebase\/transparencia\/relatoriodegestao\/estrat\u00e9gico\/1- Plano de Capacita\u00e7\u00e3o 2024.pdf';\">\r\n\t\t\t\r\n\t\t\t<td>2.024<\/td>\r\n\t\t\t<td>Plano de Capacita\u00e7\u00e3o<\/td>\r\n\t\t\t<td><p>2024<\/p>\n<\/td>\r\n\t\t\t<td>11<\/td>\r\n\t\t\t<td style=\"text-align:right;\">496 KB<\/td>\r\n\t\t\r\n\t\t\t<td><a href=\"\/site\/wp-content\/uploads\/filebase\/transparencia\/relatoriodegestao\/estrat\u00e9gico\/1- Plano de Capacita\u00e7\u00e3o 2024.pdf\"><i class=\"fa fa-download\"><\/i> Acessar<\/a><\/td>\r\n\t\t\t\r\n\t\t<\/tr>\r\n\r\n\t\t\r\n\t\t\t<tr style=\"cursor: pointer;\" onclick=\"window.location.href = '\/site\/wp-content\/uploads\/filebase\/transparencia\/relatoriodegestao\/estrat\u00e9gico\/1- Plano de Capacita\u00e7\u00e3o 2024(2).pdf';\">\r\n\t\t\t\r\n\t\t\t<td>2.024<\/td>\r\n\t\t\t<td>Plano de Capacita\u00e7\u00e3o<\/td>\r\n\t\t\t<td><p>2024<\/p>\n<\/td>\r\n\t\t\t<td>7<\/td>\r\n\t\t\t<td style=\"text-align:right;\">495 KB<\/td>\r\n\t\t\r\n\t\t\t<td><a href=\"\/site\/wp-content\/uploads\/filebase\/transparencia\/relatoriodegestao\/estrat\u00e9gico\/1- Plano de Capacita\u00e7\u00e3o 2024(2).pdf\"><i class=\"fa fa-download\"><\/i> Acessar<\/a><\/td>\r\n\t\t\t\r\n\t\t<\/tr>\r\n\r\n\t\t\r\n\t\t\t<tr style=\"cursor: pointer;\" onclick=\"window.location.href = '\/site\/wp-content\/uploads\/filebase\/transparencia\/relatoriodegestao\/estrat\u00e9gico\/1- Planejamento Estrat\u00e9gico 2024 2028.pdf';\">\r\n\t\t\t\r\n\t\t\t<td>2.024<\/td>\r\n\t\t\t<td>Planejamento Estrat\u00e9gico<\/td>\r\n\t\t\t<td><p>2024<\/p>\n<\/td>\r\n\t\t\t<td>15<\/td>\r\n\t\t\t<td style=\"text-align:right;\">1 MB<\/td>\r\n\t\t\r\n\t\t\t<td><a href=\"\/site\/wp-content\/uploads\/filebase\/transparencia\/relatoriodegestao\/estrat\u00e9gico\/1- Planejamento Estrat\u00e9gico 2024 2028.pdf\"><i class=\"fa fa-download\"><\/i> Acessar<\/a><\/td>\r\n\t\t\t\r\n\t\t<\/tr>\r\n\r\n\t\t\r\n\t\t\t<tr style=\"cursor: pointer;\" onclick=\"window.location.href = '\/site\/wp-content\/uploads\/filebase\/transparencia\/relatoriodegestao\/estrat\u00e9gico\/Plano de A\u00e7\u00e3o 2023_.pdf';\">\r\n\t\t\t\r\n\t\t\t<td>2.023<\/td>\r\n\t\t\t<td>Plano de A\u00e7\u00e3o<\/td>\r\n\t\t\t<td><p>2023<\/p>\n<\/td>\r\n\t\t\t<td>28<\/td>\r\n\t\t\t<td style=\"text-align:right;\">133 KB<\/td>\r\n\t\t\r\n\t\t\t<td><a href=\"\/site\/wp-content\/uploads\/filebase\/transparencia\/relatoriodegestao\/estrat\u00e9gico\/Plano de A\u00e7\u00e3o 2023_.pdf\"><i class=\"fa fa-download\"><\/i> Acessar<\/a><\/td>\r\n\t\t\t\r\n\t\t<\/tr>\r\n\r\n\t\t\r\n\t\t\t<tr style=\"cursor: pointer;\" onclick=\"window.location.href = '\/site\/wp-content\/uploads\/filebase\/transparencia\/relatoriodegestao\/estrat\u00e9gico\/Planejamento Estrat\u00e9gico 2023.pdf';\">\r\n\t\t\t\r\n\t\t\t<td>2.023<\/td>\r\n\t\t\t<td>Planejamento Estrat\u00e9gico<\/td>\r\n\t\t\t<td><p>2023<\/p>\n<\/td>\r\n\t\t\t<td>28<\/td>\r\n\t\t\t<td style=\"text-align:right;\">580 KB<\/td>\r\n\t\t\r\n\t\t\t<td><a href=\"\/site\/wp-content\/uploads\/filebase\/transparencia\/relatoriodegestao\/estrat\u00e9gico\/Planejamento Estrat\u00e9gico 2023.pdf\"><i class=\"fa fa-download\"><\/i> Acessar<\/a><\/td>\r\n\t\t\t\r\n\t\t<\/tr>\r\n\r\n\t\t\r\n\t\t\t<tr style=\"cursor: pointer;\" onclick=\"window.location.href = '\/site\/wp-content\/uploads\/filebase\/transparencia\/relatoriodegestao\/estrat\u00e9gico\/Programa de Educa\u00e7\u00e3o Previdenci\u00e1ria 2023.pdf';\">\r\n\t\t\t\r\n\t\t\t<td>2.023<\/td>\r\n\t\t\t<td>Educa\u00e7\u00e3o Previdenci\u00e1ria<\/td>\r\n\t\t\t<td><p>2023<\/p>\n<\/td>\r\n\t\t\t<td>11<\/td>\r\n\t\t\t<td style=\"text-align:right;\">381 KB<\/td>\r\n\t\t\r\n\t\t\t<td><a href=\"\/site\/wp-content\/uploads\/filebase\/transparencia\/relatoriodegestao\/estrat\u00e9gico\/Programa de Educa\u00e7\u00e3o Previdenci\u00e1ria 2023.pdf\"><i class=\"fa fa-download\"><\/i> Acessar<\/a><\/td>\r\n\t\t\t\r\n\t\t<\/tr>\r\n\r\n\t\t\r\n\t\t\t<tr style=\"cursor: pointer;\" onclick=\"window.location.href = '\/site\/wp-content\/uploads\/filebase\/transparencia\/relatoriodegestao\/estrat\u00e9gico\/Plano de A\u00e7\u00e3o 2022_.pdf';\">\r\n\t\t\t\r\n\t\t\t<td>2.022<\/td>\r\n\t\t\t<td>Plano de A\u00e7\u00e3o<\/td>\r\n\t\t\t<td><p>2022<\/p>\n<\/td>\r\n\t\t\t<td>18<\/td>\r\n\t\t\t<td style=\"text-align:right;\">138 KB<\/td>\r\n\t\t\r\n\t\t\t<td><a href=\"\/site\/wp-content\/uploads\/filebase\/transparencia\/relatoriodegestao\/estrat\u00e9gico\/Plano de A\u00e7\u00e3o 2022_.pdf\"><i class=\"fa fa-download\"><\/i> Acessar<\/a><\/td>\r\n\t\t\t\r\n\t\t<\/tr>\r\n\r\n\t\t\r\n\t\t\t<tr style=\"cursor: pointer;\" onclick=\"window.location.href = '\/site\/wp-content\/uploads\/filebase\/transparencia\/relatoriodegestao\/estrat\u00e9gico\/Planejamento Estrat\u00e9gico 2022.pdf';\">\r\n\t\t\t\r\n\t\t\t<td>2.022<\/td>\r\n\t\t\t<td>Planejamento Estrat\u00e9gico<\/td>\r\n\t\t\t<td><p>2022<\/p>\n<\/td>\r\n\t\t\t<td>19<\/td>\r\n\t\t\t<td style=\"text-align:right;\">715 KB<\/td>\r\n\t\t\r\n\t\t\t<td><a href=\"\/site\/wp-content\/uploads\/filebase\/transparencia\/relatoriodegestao\/estrat\u00e9gico\/Planejamento Estrat\u00e9gico 2022.pdf\"><i class=\"fa fa-download\"><\/i> Acessar<\/a><\/td>\r\n\t\t\t\r\n\t\t<\/tr>\r\n\r\n\t\t\r\n\t\t\t<tr style=\"cursor: pointer;\" onclick=\"window.location.href = '\/site\/wp-content\/uploads\/filebase\/transparencia\/relatoriodegestao\/estrat\u00e9gico\/Programa de Educa\u00e7\u00e3o Previdenci\u00e1ria 2022.pdf';\">\r\n\t\t\t\r\n\t\t\t<td>2.022<\/td>\r\n\t\t\t<td>Educa\u00e7\u00e3o Previdenci\u00e1ria<\/td>\r\n\t\t\t<td><p>2022<\/p>\n<\/td>\r\n\t\t\t<td>14<\/td>\r\n\t\t\t<td style=\"text-align:right;\">803 KB<\/td>\r\n\t\t\r\n\t\t\t<td><a href=\"\/site\/wp-content\/uploads\/filebase\/transparencia\/relatoriodegestao\/estrat\u00e9gico\/Programa de Educa\u00e7\u00e3o Previdenci\u00e1ria 2022.pdf\"><i class=\"fa fa-download\"><\/i> Acessar<\/a><\/td>\r\n\t\t\t\r\n\t\t<\/tr>\r\n\r\n\t\t\r\n\t\t\t<tr style=\"cursor: pointer;\" onclick=\"window.location.href = '\/site\/wp-content\/uploads\/filebase\/transparencia\/relatoriodegestao\/estrat\u00e9gico\/Progama de Educa\u00e7\u00e3o Previdenci\u00e1ria 2021.pdf';\">\r\n\t\t\t\r\n\t\t\t<td>2.021<\/td>\r\n\t\t\t<td>Programa de Educa\u00e7\u00e3o Previdenci\u00e1ria<\/td>\r\n\t\t\t<td><p>2021<\/p>\n<\/td>\r\n\t\t\t<td>19<\/td>\r\n\t\t\t<td style=\"text-align:right;\">2 MB<\/td>\r\n\t\t\r\n\t\t\t<td><a href=\"\/site\/wp-content\/uploads\/filebase\/transparencia\/relatoriodegestao\/estrat\u00e9gico\/Progama de Educa\u00e7\u00e3o Previdenci\u00e1ria 2021.pdf\"><i class=\"fa fa-download\"><\/i> Acessar<\/a><\/td>\r\n\t\t\t\r\n\t\t<\/tr>\r\n\r\n\t\t\r\n\t\t\t<tr style=\"cursor: pointer;\" onclick=\"window.location.href = '\/site\/wp-content\/uploads\/filebase\/transparencia\/relatoriodegestao\/estrat\u00e9gico\/Plano de A\u00e7\u00e3o 2021_0001.pdf';\">\r\n\t\t\t\r\n\t\t\t<td>2.021<\/td>\r\n\t\t\t<td>Plano de A\u00e7\u00e3o<\/td>\r\n\t\t\t<td><p>2021<\/p>\n<\/td>\r\n\t\t\t<td>46<\/td>\r\n\t\t\t<td style=\"text-align:right;\">4 MB<\/td>\r\n\t\t\r\n\t\t\t<td><a href=\"\/site\/wp-content\/uploads\/filebase\/transparencia\/relatoriodegestao\/estrat\u00e9gico\/Plano de A\u00e7\u00e3o 2021_0001.pdf\"><i class=\"fa fa-download\"><\/i> Acessar<\/a><\/td>\r\n\t\t\t\r\n\t\t<\/tr>\r\n\r\n\t\t\r\n\t\t\t<tr style=\"cursor: pointer;\" onclick=\"window.location.href = '\/site\/wp-content\/uploads\/filebase\/transparencia\/relatoriodegestao\/estrat\u00e9gico\/Planejamento Estrat\u00e9gico Revis\u00e3o 2021.pdf';\">\r\n\t\t\t\r\n\t\t\t<td>2.021<\/td>\r\n\t\t\t<td>Planejamento Estrat\u00e9gico<\/td>\r\n\t\t\t<td><p>2021<\/p>\n<\/td>\r\n\t\t\t<td>66<\/td>\r\n\t\t\t<td style=\"text-align:right;\">8 MB<\/td>\r\n\t\t\r\n\t\t\t<td><a href=\"\/site\/wp-content\/uploads\/filebase\/transparencia\/relatoriodegestao\/estrat\u00e9gico\/Planejamento Estrat\u00e9gico Revis\u00e3o 2021.pdf\"><i class=\"fa fa-download\"><\/i> Acessar<\/a><\/td>\r\n\t\t\t\r\n\t\t<\/tr>\r\n\r\n\t\t\r\n\t\t\t<tr style=\"cursor: pointer;\" onclick=\"window.location.href = '\/site\/wp-content\/uploads\/filebase\/transparencia\/relatoriodegestao\/estrat\u00e9gico\/Plano de Capacita\u00e7\u00e3o 2020.pdf';\">\r\n\t\t\t\r\n\t\t\t<td>2.020<\/td>\r\n\t\t\t<td>Plano de Capacita\u00e7\u00e3o<\/td>\r\n\t\t\t<td><p>2020<\/p>\n<\/td>\r\n\t\t\t<td>31<\/td>\r\n\t\t\t<td style=\"text-align:right;\">3 MB<\/td>\r\n\t\t\r\n\t\t\t<td><a href=\"\/site\/wp-content\/uploads\/filebase\/transparencia\/relatoriodegestao\/estrat\u00e9gico\/Plano de Capacita\u00e7\u00e3o 2020.pdf\"><i class=\"fa fa-download\"><\/i> Acessar<\/a><\/td>\r\n\t\t\t\r\n\t\t<\/tr>\r\n\r\n\t\t\r\n\t\t\t<tr style=\"cursor: pointer;\" onclick=\"window.location.href = '\/site\/wp-content\/uploads\/filebase\/transparencia\/relatoriodegestao\/estrat\u00e9gico\/Plano de A\u00e7\u00e3o Exerc\u00edcio 2020.pdf';\">\r\n\t\t\t\r\n\t\t\t<td>2.020<\/td>\r\n\t\t\t<td>Plano de A\u00e7\u00e3o<\/td>\r\n\t\t\t<td><p>2020<\/p>\n<\/td>\r\n\t\t\t<td>35<\/td>\r\n\t\t\t<td style=\"text-align:right;\">7 MB<\/td>\r\n\t\t\r\n\t\t\t<td><a href=\"\/site\/wp-content\/uploads\/filebase\/transparencia\/relatoriodegestao\/estrat\u00e9gico\/Plano de A\u00e7\u00e3o Exerc\u00edcio 2020.pdf\"><i class=\"fa fa-download\"><\/i> Acessar<\/a><\/td>\r\n\t\t\t\r\n\t\t<\/tr>\r\n\r\n\t\t\r\n\t\t\t<tr style=\"cursor: pointer;\" onclick=\"window.location.href = '\/site\/wp-content\/uploads\/filebase\/transparencia\/relatoriodegestao\/estrat\u00e9gico\/Plano de A\u00e7\u00e3o 2019.pdf';\">\r\n\t\t\t\r\n\t\t\t<td>2.019<\/td>\r\n\t\t\t<td>Plano de A\u00e7\u00e3o<\/td>\r\n\t\t\t<td><p>2019<\/p>\n<\/td>\r\n\t\t\t<td>30<\/td>\r\n\t\t\t<td style=\"text-align:right;\">4 MB<\/td>\r\n\t\t\r\n\t\t\t<td><a href=\"\/site\/wp-content\/uploads\/filebase\/transparencia\/relatoriodegestao\/estrat\u00e9gico\/Plano de A\u00e7\u00e3o 2019.pdf\"><i class=\"fa fa-download\"><\/i> Acessar<\/a><\/td>\r\n\t\t\t\r\n\t\t<\/tr>\r\n\r\n\t\t\r\n\t\t\t<tr style=\"cursor: pointer;\" onclick=\"window.location.href = '\/site\/wp-content\/uploads\/filebase\/transparencia\/relatoriodegestao\/estrat\u00e9gico\/Planejamento Estrat\u00e9gico 2019.pdf';\">\r\n\t\t\t\r\n\t\t\t<td>2.019<\/td>\r\n\t\t\t<td>Planejamento Estrat\u00e9gico<\/td>\r\n\t\t\t<td><p>2019<\/p>\n<\/td>\r\n\t\t\t<td>44<\/td>\r\n\t\t\t<td style=\"text-align:right;\">7 MB<\/td>\r\n\t\t\r\n\t\t\t<td><a href=\"\/site\/wp-content\/uploads\/filebase\/transparencia\/relatoriodegestao\/estrat\u00e9gico\/Planejamento Estrat\u00e9gico 2019.pdf\"><i class=\"fa fa-download\"><\/i> Acessar<\/a><\/td>\r\n\t\t\t\r\n\t\t<\/tr>\r\n\r\n\t\t\r\n\t\t\t<tr style=\"cursor: pointer;\" onclick=\"window.location.href = '\/site\/wp-content\/uploads\/filebase\/transparencia\/relatoriodegestao\/estrat\u00e9gico\/Planejamento Estrat\u00e9gico 2018.pdf';\">\r\n\t\t\t\r\n\t\t\t<td>2.018<\/td>\r\n\t\t\t<td>Planejamento Estrat\u00e9gico<\/td>\r\n\t\t\t<td><p>2018<\/p>\n<\/td>\r\n\t\t\t<td>70<\/td>\r\n\t\t\t<td style=\"text-align:right;\">893 KB<\/td>\r\n\t\t\r\n\t\t\t<td><a href=\"\/site\/wp-content\/uploads\/filebase\/transparencia\/relatoriodegestao\/estrat\u00e9gico\/Planejamento Estrat\u00e9gico 2018.pdf\"><i class=\"fa fa-download\"><\/i> Acessar<\/a><\/td>\r\n\t\t\t\r\n\t\t<\/tr>\r\n\r\n\t\t\r\n\t\t\t<tr style=\"cursor: pointer;\" onclick=\"window.location.href = '\/site\/wp-content\/uploads\/filebase\/transparencia\/relatoriodegestao\/estrat\u00e9gico\/Planejamento Estrat\u00e9gico 2017.pdf';\">\r\n\t\t\t\r\n\t\t\t<td>2.017<\/td>\r\n\t\t\t<td>Planejamento Estrat\u00e9gico<\/td>\r\n\t\t\t<td><p>2017<\/p>\n<\/td>\r\n\t\t\t<td>39<\/td>\r\n\t\t\t<td style=\"text-align:right;\">697 KB<\/td>\r\n\t\t\r\n\t\t\t<td><a href=\"\/site\/wp-content\/uploads\/filebase\/transparencia\/relatoriodegestao\/estrat\u00e9gico\/Planejamento Estrat\u00e9gico 2017.pdf\"><i class=\"fa fa-download\"><\/i> Acessar<\/a><\/td>\r\n\t\t\t\r\n\t\t<\/tr>\r\n\r\n\t\t\r\n\t\t\t<tr style=\"cursor: pointer;\" onclick=\"window.location.href = '\/site\/wp-content\/uploads\/filebase\/transparencia\/relatoriodegestao\/estrat\u00e9gico\/Planejamento Estrat\u00e9gico 2015 2016.pdf';\">\r\n\t\t\t\r\n\t\t\t<td>2.016<\/td>\r\n\t\t\t<td>Planejamento Estrat\u00e9gico<\/td>\r\n\t\t\t<td><p>2016<\/p>\n<\/td>\r\n\t\t\t<td>36<\/td>\r\n\t\t\t<td style=\"text-align:right;\">2 MB<\/td>\r\n\t\t\r\n\t\t\t<td><a href=\"\/site\/wp-content\/uploads\/filebase\/transparencia\/relatoriodegestao\/estrat\u00e9gico\/Planejamento Estrat\u00e9gico 2015 2016.pdf\"><i class=\"fa fa-download\"><\/i> Acessar<\/a><\/td>\r\n\t\t\t\r\n\t\t<\/tr>\r\n\r\n\t<\/tbody>\r\n<\/table>\r\n<script>\r\nlet table = new DataTable('#apr', {\r\n\tcolumns: [{ width: '5em' }, null, null, { width: '5em' }, { width: '5em' }, { width: '5em' }],\r\n    autoWidth: false,\r\n\torder: [[0, 'desc'], [1, 'desc']],\r\n\tlengthMenu: [[10, 12, 20, 24, 36, 50, -1 ],\r\n\t             [10, 12, 20, 24, 36, 50, 'Todos']],\r\n\tlayout: {\r\n        top1Start: {\r\n            buttons: [\r\n                'copy', 'csv', 'excel',\r\n\t\t\t\t{\r\n                    extend: 'pdf',\r\n                    \/\/text: 'Save current page',\r\n                    \/\/messageTop: 'Teste',\r\n\t\t\t\t\t\/\/messageBottom: 'Site: {@site-url}',\r\n\t\t\t\t\tcustomize: function ( doc ) {\r\n\t\t\t\t\t\tdoc['header']=(function() {\r\n\t\t\t\t\t\t\treturn {\r\n\t\t\t\t\t\t\t\tcolumns: [\r\n\t\t\t\t\t\t\t\t\t{\r\n\t\t\t\t\t\t\t\t\t\talignment: 'center',\r\n\t\t\t\t\t\t\t\t\t\ttext: ['Instituto de Previd\u00eancia Municipal de Ubatuba']\r\n\t\t\t\t\t\t\t\t\t}\r\n\t\t\t\t\t\t\t\t],\r\n\t\t\t\t\t\t\t\tmargin: [10,10]\r\n\t\t\t\t\t\t\t}\r\n\t\t\t\t\t\t});\r\n\t\t\t\t\t\tdoc['footer']=(function(page, pages) {\r\n\t\t\t\t\t\t\treturn {\r\n\t\t\t\t\t\t\t\tcolumns: [\r\n\t\t\t\t\t\t\t\t\t{\r\n\t\t\t\t\t\t\t\t\t\talignment: 'left',\r\n\t\t\t\t\t\t\t\t\t\ttext: ['URL: https:\/\/ipmu.com.br']\r\n\t\t\t\t\t\t\t\t\t},\r\n\t\t\t\t\t\t\t\t\t{\r\n\t\t\t\t\t\t\t\t\t\talignment: 'right',\r\n\t\t\t\t\t\t\t\t\t\ttext: [\r\n\t\t\t\t\t\t\t\t\t\t\t'P\u00e1g.: ',\r\n\t\t\t\t\t\t\t\t\t\t\t{ text: page.toString()},\r\n\t\t\t\t\t\t\t\t\t\t\t' de ',\r\n\t\t\t\t\t\t\t\t\t\t\t{ text: pages.toString()}\r\n\t\t\t\t\t\t\t\t\t\t]\r\n\t\t\t\t\t\t\t\t\t}\r\n\t\t\t\t\t\t\t\t],\r\n\t\t\t\t\t\t\t\tmargin: [10, 0]\r\n\t\t\t\t\t\t\t}\r\n\t\t\t\t\t\t});\r\n\r\n\t\t\t\t\t}\t\t\t\t\t\t\t\t\t\t\t\r\n                }\r\n            ]\r\n        }\r\n    },\r\n\tlanguage: {\r\n        url: '\/\/cdn.datatables.net\/plug-ins\/2.1.2\/i18n\/pt-BR.json',\r\n    },\r\n\tinitComplete: function () {\r\n        this.api()\r\n            .columns()\r\n            .every(function () {\r\n                let column = this;\r\n                let title = column.footer().textContent;\r\n \r\n                \/\/ Create input element\r\n                let input = document.createElement('input');\r\n                input.placeholder = title;\r\n\t\t\t\t\/\/input.size = 4;\r\n\t\t\t\tinput.setAttribute(\"style\",\"width:100%;\")\r\n                column.footer().replaceChildren(input);\r\n \r\n                \/\/ Event listener for user input\r\n                input.addEventListener('keyup', () => {\r\n                    if (column.search() !== this.value) {\r\n                        column.search(input.value).draw();\r\n                    }\r\n                });\r\n            });\r\n    }\r\n});\r\n<\/script>\r\n","protected":false},"excerpt":{"rendered":"","protected":false},"author":1,"featured_media":0,"parent":1213,"menu_order":0,"comment_status":"closed","ping_status":"closed","template":"","meta":{"ocean_post_layout":"","ocean_both_sidebars_style":"","ocean_both_sidebars_content_width":0,"ocean_both_sidebars_sidebars_width":0,"ocean_sidebar":"","ocean_second_sidebar":"","ocean_disable_margins":"enable","ocean_add_body_class":"","ocean_shortcode_before_top_bar":"","ocean_shortcode_after_top_bar":"","ocean_shortcode_before_header":"","ocean_shortcode_after_header":"","ocean_has_shortcode":"","ocean_shortcode_after_title":"","ocean_shortcode_before_footer_widgets":"","ocean_shortcode_after_footer_widgets":"","ocean_shortcode_before_footer_bottom":"","ocean_shortcode_after_footer_bottom":"","ocean_display_top_bar":"default","ocean_display_header":"default","ocean_header_style":"","ocean_center_header_left_menu":"","ocean_custom_header_template":"","ocean_custom_logo":0,"ocean_custom_retina_logo":0,"ocean_custom_logo_max_width":0,"ocean_custom_logo_tablet_max_width":0,"ocean_custom_logo_mobile_max_width":0,"ocean_custom_logo_max_height":0,"ocean_custom_logo_tablet_max_height":0,"ocean_custom_logo_mobile_max_height":0,"ocean_header_custom_menu":"","ocean_menu_typo_font_family":"","ocean_menu_typo_font_subset":"","ocean_menu_typo_font_size":0,"ocean_menu_typo_font_size_tablet":0,"ocean_menu_typo_font_size_mobile":0,"ocean_menu_typo_font_size_unit":"px","ocean_menu_typo_font_weight":"","ocean_menu_typo_font_weight_tablet":"","ocean_menu_typo_font_weight_mobile":"","ocean_menu_typo_transform":"","ocean_menu_typo_transform_tablet":"","ocean_menu_typo_transform_mobile":"","ocean_menu_typo_line_height":0,"ocean_menu_typo_line_height_tablet":0,"ocean_menu_typo_line_height_mobile":0,"ocean_menu_typo_line_height_unit":"","ocean_menu_typo_spacing":0,"ocean_menu_typo_spacing_tablet":0,"ocean_menu_typo_spacing_mobile":0,"ocean_menu_typo_spacing_unit":"","ocean_menu_link_color":"","ocean_menu_link_color_hover":"","ocean_menu_link_color_active":"","ocean_menu_link_background":"","ocean_menu_link_hover_background":"","ocean_menu_link_active_background":"","ocean_menu_social_links_bg":"","ocean_menu_social_hover_links_bg":"","ocean_menu_social_links_color":"","ocean_menu_social_hover_links_color":"","ocean_disable_title":"default","ocean_disable_heading":"default","ocean_post_title":"","ocean_post_subheading":"","ocean_post_title_style":"","ocean_post_title_background_color":"","ocean_post_title_background":0,"ocean_post_title_bg_image_position":"","ocean_post_title_bg_image_attachment":"","ocean_post_title_bg_image_repeat":"","ocean_post_title_bg_image_size":"","ocean_post_title_height":0,"ocean_post_title_bg_overlay":0.5,"ocean_post_title_bg_overlay_color":"","ocean_disable_breadcrumbs":"default","ocean_breadcrumbs_color":"","ocean_breadcrumbs_separator_color":"","ocean_breadcrumbs_links_color":"","ocean_breadcrumbs_links_hover_color":"","ocean_display_footer_widgets":"default","ocean_display_footer_bottom":"default","ocean_custom_footer_template":"","footnotes":""},"class_list":["post-6144","page","type-page","status-publish","hentry","entry"],"jetpack_sharing_enabled":true,"_links":{"self":[{"href":"https:\/\/ipmu.com.br\/site\/wp-json\/wp\/v2\/pages\/6144","targetHints":{"allow":["GET"]}}],"collection":[{"href":"https:\/\/ipmu.com.br\/site\/wp-json\/wp\/v2\/pages"}],"about":[{"href":"https:\/\/ipmu.com.br\/site\/wp-json\/wp\/v2\/types\/page"}],"author":[{"embeddable":true,"href":"https:\/\/ipmu.com.br\/site\/wp-json\/wp\/v2\/users\/1"}],"replies":[{"embeddable":true,"href":"https:\/\/ipmu.com.br\/site\/wp-json\/wp\/v2\/comments?post=6144"}],"version-history":[{"count":0,"href":"https:\/\/ipmu.com.br\/site\/wp-json\/wp\/v2\/pages\/6144\/revisions"}],"up":[{"embeddable":true,"href":"https:\/\/ipmu.com.br\/site\/wp-json\/wp\/v2\/pages\/1213"}],"wp:attachment":[{"href":"https:\/\/ipmu.com.br\/site\/wp-json\/wp\/v2\/media?parent=6144"}],"curies":[{"name":"wp","href":"https:\/\/api.w.org\/{rel}","templated":true}]}}