{"id":209,"date":"2015-01-28T18:12:47","date_gmt":"2015-01-28T21:12:47","guid":{"rendered":"https:\/\/sites.teratec.com.br\/ipmu\/?page_id=209"},"modified":"2024-07-23T23:06:33","modified_gmt":"2024-07-24T02:06:33","slug":"transparencia","status":"publish","type":"page","link":"https:\/\/ipmu.com.br\/site\/transparencia\/","title":{"rendered":"Transpar\u00eancia"},"content":{"rendered":"\n<style>\nul.transp-menu {\n    #column-count: 2;\n}\n\nul.transp-menu > li {\n  float: left;\n  list-style: none;\n  text-align: center;\n  background-color: #000000;\n  margin-right: 1em;\n  width: 29%;\n  line-height: 60px;\n  margin-bottom: 30px;\n}\n\nul.transp-menu > li a {\n  text-decoration: none !important;\n  color: #FFFFFF;\n  display: block;\n}\n\nul.transp-menu > li a:hover {\n  text-decoration: none;\n  color: #000000;\n  background-color: #33B5E5;\n}\n\nul li ul.children {\n    display: none;\n}\n<\/style>\n\n\n\n<!-- Page-list plugin v.5.6 wordpress.org\/plugins\/page-list\/ -->\n<ul class=\"page-list subpages-page-list transp-menu\">\n<li class=\"page_item page-item-1741 page_item_has_children\"><a href=\"https:\/\/ipmu.com.br\/site\/transparencia\/atas\/\">Atas<\/a><\/li>\n<li class=\"page_item page-item-15947\"><a href=\"https:\/\/ipmu.com.br\/site\/transparencia\/audiencia-publica\/\">Audi\u00eancia P\u00fablica<\/a><\/li>\n<li class=\"page_item page-item-14118 page_item_has_children\"><a href=\"https:\/\/ipmu.com.br\/site\/transparencia\/cadastro\/\">Cadastro<\/a><\/li>\n<li class=\"page_item page-item-5545\"><a href=\"https:\/\/ipmu.com.br\/site\/transparencia\/calculo-atuarial\/\">C\u00e1lculo Atuarial<\/a><\/li>\n<li class=\"page_item page-item-12307\"><a href=\"https:\/\/ipmu.com.br\/site\/transparencia\/certidao-tempo-contribuicao\/\">Certid\u00e3o de Tempo de Contribui\u00e7\u00e3o<\/a><\/li>\n<li class=\"page_item page-item-35289\"><a href=\"https:\/\/ipmu.com.br\/site\/transparencia\/certificacao-profissional\/\">Certifica\u00e7\u00e3o Profissional<\/a><\/li>\n<li class=\"page_item page-item-1721\"><a href=\"https:\/\/ipmu.com.br\/site\/transparencia\/certificados\/\">Certificados<\/a><\/li>\n<li class=\"page_item page-item-1011\"><a href=\"https:\/\/ipmu.com.br\/site\/transparencia\/cnd\/\">CND<\/a><\/li>\n<li class=\"page_item page-item-1716\"><a href=\"https:\/\/ipmu.com.br\/site\/transparencia\/controle-interno\/\">Controle Interno<\/a><\/li>\n<li class=\"page_item page-item-21953 page_item_has_children\"><a href=\"https:\/\/ipmu.com.br\/site\/transparencia\/cronogramas\/\">Cronogramas<\/a><\/li>\n<li class=\"page_item page-item-1013\"><a href=\"https:\/\/ipmu.com.br\/site\/transparencia\/crp\/\">CRP<\/a><\/li>\n<li class=\"page_item page-item-1743 page_item_has_children\"><a href=\"https:\/\/ipmu.com.br\/site\/transparencia\/demonstrativos\/\">Demonstrativos<\/a><\/li>\n<li class=\"page_item page-item-21961\"><a href=\"https:\/\/ipmu.com.br\/site\/transparencia\/educacao-previdenciaria\/\">Educa\u00e7\u00e3o Previdenci\u00e1ria<\/a><\/li>\n<li class=\"page_item page-item-1009\"><a href=\"https:\/\/ipmu.com.br\/site\/transparencia\/extratodecontrato\/\">Extrato de Contrato<\/a><\/li>\n<li class=\"page_item page-item-14314\"><a href=\"https:\/\/ipmu.com.br\/site\/transparencia\/folha-de-pagamento\/\">Folha de Pagamento<\/a><\/li>\n<li class=\"page_item page-item-1015\"><a href=\"https:\/\/ipmu.com.br\/site\/transparencia\/licitacao\/\">Licita\u00e7\u00e3o<\/a><\/li>\n<li class=\"page_item page-item-5538\"><a href=\"https:\/\/ipmu.com.br\/site\/transparencia\/manuais-e-fluxogramas\/\">Manuais e Fluxogramas<\/a><\/li>\n<li class=\"page_item page-item-14115\"><a href=\"https:\/\/ipmu.com.br\/site\/transparencia\/pesquisa-de-satisfacao\/\">Pesquisa de Satisfa\u00e7\u00e3o<\/a><\/li>\n<li class=\"page_item page-item-16881\"><a href=\"https:\/\/ipmu.com.br\/site\/transparencia\/pos-aposentadoria\/\">P\u00f3s-Aposentadoria<\/a><\/li>\n<li class=\"page_item page-item-16879\"><a href=\"https:\/\/ipmu.com.br\/site\/transparencia\/pre-aposentadoria\/\">Pr\u00e9-Aposentadoria<\/a><\/li>\n<li class=\"page_item page-item-211 page_item_has_children\"><a href=\"https:\/\/ipmu.com.br\/site\/transparencia\/contas\/\">Presta\u00e7\u00e3o de Contas<\/a><\/li>\n<li class=\"page_item page-item-1723\"><a href=\"https:\/\/ipmu.com.br\/site\/transparencia\/pro-gestao\/\">Pr\u00f3-Gest\u00e3o<\/a><\/li>\n<li class=\"page_item page-item-18587\"><a href=\"https:\/\/ipmu.com.br\/site\/transparencia\/relatorio-atendimento\/\">Relat\u00f3rio de Atendimento<\/a><\/li>\n<li class=\"page_item page-item-1213 page_item_has_children\"><a href=\"https:\/\/ipmu.com.br\/site\/transparencia\/relatorio-gestao\/\">Relat\u00f3rio de Gest\u00e3o<\/a><\/li>\n<li class=\"page_item page-item-1718\"><a href=\"https:\/\/ipmu.com.br\/site\/transparencia\/siprev\/\">SIPREV<\/a><\/li>\n<li class=\"page_item page-item-2368\"><a href=\"https:\/\/ipmu.com.br\/site\/transparencia\/tribunal-de-contas\/\">Tribunal de contas<\/a><\/li>\n\n<\/ul>\n","protected":false},"excerpt":{"rendered":"","protected":false},"author":1,"featured_media":0,"parent":0,"menu_order":0,"comment_status":"closed","ping_status":"open","template":"","meta":{"ocean_post_layout":"","ocean_both_sidebars_style":"","ocean_both_sidebars_content_width":0,"ocean_both_sidebars_sidebars_width":0,"ocean_sidebar":"","ocean_second_sidebar":"","ocean_disable_margins":"enable","ocean_add_body_class":"","ocean_shortcode_before_top_bar":"","ocean_shortcode_after_top_bar":"","ocean_shortcode_before_header":"","ocean_shortcode_after_header":"","ocean_has_shortcode":"","ocean_shortcode_after_title":"","ocean_shortcode_before_footer_widgets":"","ocean_shortcode_after_footer_widgets":"","ocean_shortcode_before_footer_bottom":"","ocean_shortcode_after_footer_bottom":"","ocean_display_top_bar":"default","ocean_display_header":"default","ocean_header_style":"","ocean_center_header_left_menu":"","ocean_custom_header_template":"","ocean_custom_logo":0,"ocean_custom_retina_logo":0,"ocean_custom_logo_max_width":0,"ocean_custom_logo_tablet_max_width":0,"ocean_custom_logo_mobile_max_width":0,"ocean_custom_logo_max_height":0,"ocean_custom_logo_tablet_max_height":0,"ocean_custom_logo_mobile_max_height":0,"ocean_header_custom_menu":"","ocean_menu_typo_font_family":"","ocean_menu_typo_font_subset":"","ocean_menu_typo_font_size":0,"ocean_menu_typo_font_size_tablet":0,"ocean_menu_typo_font_size_mobile":0,"ocean_menu_typo_font_size_unit":"px","ocean_menu_typo_font_weight":"","ocean_menu_typo_font_weight_tablet":"","ocean_menu_typo_font_weight_mobile":"","ocean_menu_typo_transform":"","ocean_menu_typo_transform_tablet":"","ocean_menu_typo_transform_mobile":"","ocean_menu_typo_line_height":0,"ocean_menu_typo_line_height_tablet":0,"ocean_menu_typo_line_height_mobile":0,"ocean_menu_typo_line_height_unit":"","ocean_menu_typo_spacing":0,"ocean_menu_typo_spacing_tablet":0,"ocean_menu_typo_spacing_mobile":0,"ocean_menu_typo_spacing_unit":"","ocean_menu_link_color":"","ocean_menu_link_color_hover":"","ocean_menu_link_color_active":"","ocean_menu_link_background":"","ocean_menu_link_hover_background":"","ocean_menu_link_active_background":"","ocean_menu_social_links_bg":"","ocean_menu_social_hover_links_bg":"","ocean_menu_social_links_color":"","ocean_menu_social_hover_links_color":"","ocean_disable_title":"default","ocean_disable_heading":"default","ocean_post_title":"","ocean_post_subheading":"","ocean_post_title_style":"","ocean_post_title_background_color":"","ocean_post_title_background":0,"ocean_post_title_bg_image_position":"","ocean_post_title_bg_image_attachment":"","ocean_post_title_bg_image_repeat":"","ocean_post_title_bg_image_size":"","ocean_post_title_height":0,"ocean_post_title_bg_overlay":0.5,"ocean_post_title_bg_overlay_color":"","ocean_disable_breadcrumbs":"default","ocean_breadcrumbs_color":"","ocean_breadcrumbs_separator_color":"","ocean_breadcrumbs_links_color":"","ocean_breadcrumbs_links_hover_color":"","ocean_display_footer_widgets":"default","ocean_display_footer_bottom":"default","ocean_custom_footer_template":"","footnotes":""},"class_list":["post-209","page","type-page","status-publish","hentry","entry"],"jetpack_sharing_enabled":true,"_links":{"self":[{"href":"https:\/\/ipmu.com.br\/site\/wp-json\/wp\/v2\/pages\/209","targetHints":{"allow":["GET"]}}],"collection":[{"href":"https:\/\/ipmu.com.br\/site\/wp-json\/wp\/v2\/pages"}],"about":[{"href":"https:\/\/ipmu.com.br\/site\/wp-json\/wp\/v2\/types\/page"}],"author":[{"embeddable":true,"href":"https:\/\/ipmu.com.br\/site\/wp-json\/wp\/v2\/users\/1"}],"replies":[{"embeddable":true,"href":"https:\/\/ipmu.com.br\/site\/wp-json\/wp\/v2\/comments?post=209"}],"version-history":[{"count":0,"href":"https:\/\/ipmu.com.br\/site\/wp-json\/wp\/v2\/pages\/209\/revisions"}],"wp:attachment":[{"href":"https:\/\/ipmu.com.br\/site\/wp-json\/wp\/v2\/media?parent=209"}],"curies":[{"name":"wp","href":"https:\/\/api.w.org\/{rel}","templated":true}]}}