{"id":166,"date":"2015-01-27T05:41:40","date_gmt":"2015-01-27T08:41:40","guid":{"rendered":"https:\/\/sites.teratec.com.br\/ipmu\/?page_id=166"},"modified":"2025-04-30T23:47:23","modified_gmt":"2025-05-01T02:47:23","slug":"politicainvestimentos","status":"publish","type":"page","link":"https:\/\/ipmu.com.br\/site\/comite-de-investimentos\/politicainvestimentos\/","title":{"rendered":"Pol\u00edtica de Investimentos"},"content":{"rendered":"\r\n<p>O INSTITUTO DE PREVID\u00caNCIA MUNICIPAL DE UBATUBA &#8211; IPMU, atendendo o que estabelece a Lei Complementar 9.717\/1998 e Resolu\u00e7\u00e3o CMN n\u00ba 3.922\/2010, apresenta sua Pol\u00edtica de Investimentos, aprovada por seu \u00f3rg\u00e3o superior competente.<\/p>\r\n\r\n\r\n\r\n<p>Objetivo Geral: Estabelecer as diretrizes gerais para aplica\u00e7\u00e3o dos recursos garantidores dos pagamentos dos segurados e benefici\u00e1rios do regime, visando atingir a Meta Atuarial (varia\u00e7\u00e3o do INPC \u2013 \u00cdndice Nacional de Pre\u00e7os ao Consumidor + 6% a.a) definida para garantir a manuten\u00e7\u00e3o do seu equil\u00edbrio econ\u00f4mico-financeiro e atuarial, tendo sempre presentes os princ\u00edpios da boa governan\u00e7a, seguran\u00e7a, rentabilidade, solv\u00eancia, liquidez e transpar\u00eancia.<\/p>\r\n\r\n\r\n\r\n<link href=\"https:\/\/cdnjs.cloudflare.com\/ajax\/libs\/jqueryui\/1.13.2\/themes\/base\/jquery-ui.min.css\" rel=\"stylesheet\">\r\n<link href=\"https:\/\/cdn.datatables.net\/v\/ju\/jszip-3.10.1\/dt-2.1.2\/b-3.1.0\/b-html5-3.1.0\/b-print-3.1.0\/date-1.5.3\/kt-2.12.1\/r-3.0.2\/sc-2.4.3\/datatables.min.css\" rel=\"stylesheet\">\r\n \r\n<script src=\"https:\/\/cdnjs.cloudflare.com\/ajax\/libs\/pdfmake\/0.2.7\/pdfmake.min.js\"><\/script>\r\n<script src=\"https:\/\/cdnjs.cloudflare.com\/ajax\/libs\/pdfmake\/0.2.7\/vfs_fonts.js\"><\/script>\r\n<script src=\"https:\/\/cdn.datatables.net\/v\/ju\/jszip-3.10.1\/dt-2.1.2\/b-3.1.0\/b-html5-3.1.0\/b-print-3.1.0\/date-1.5.3\/kt-2.12.1\/r-3.0.2\/sc-2.4.3\/datatables.min.js\"><\/script>\r\n<script src=\"https:\/\/cdnjs.cloudflare.com\/ajax\/libs\/jqueryui\/1.13.2\/jquery-ui.min.js\"><\/script>\r\n\r\n<table id=\"apr\" class=\"display compact\">\r\n\t<thead>\r\n\t\t<tr>\r\n\t\t\t<th>Ano<\/th>\r\n\t\t\t<th>T\u00edtulo<\/th>\r\n\t\t\t<th>Descri\u00e7\u00e3o<\/th>\r\n\t\t\t<th>Downloads<\/th>\r\n\t\t\t<th>Tamanho<\/th>\r\n\t\t\t<th>Op\u00e7\u00f5es<\/th>\r\n\t\t<\/tr>\r\n\t<\/thead>\r\n\t<tfoot style=\"display: table-header-group !important;\">\r\n\t\t<tr>\r\n\t\t\t<th style=\"max-width: 4em\">Ano<\/th>\r\n\t\t\t<th>T\u00edtulo<\/th>\r\n\t\t\t<th>Descri\u00e7\u00e3o<\/th>\r\n\t\t\t<th style=\"max-width: 4em\">Downloads<\/th>\r\n\t\t\t<th style=\"max-width: 4em\">Tamanho<\/th>\r\n\t\t\t<th style=\"max-width: 4em\">Op\u00e7\u00f5es<\/th>\r\n\t\t<\/tr>\r\n\t<\/tfoot>\r\n\t<tbody>\r\n\t\t<tr>\r\n\t\t\t<td><\/td>\r\n\t\t\t<td><\/td>\r\n\t\t\t<td><\/td>\r\n\t\t\t<td><\/td>\r\n\t\t\t<td style=\"text-align:right;\"><\/td>\r\n\t\t\t<td><\/td>\r\n\t\t<\/tr>\r\n\t<\/tbody>\r\n<\/table>\r\n<script>\r\nlet table = new DataTable('#apr', {\r\n\tajax: 'https:\/\/ipmu.com.br\/json\/?term_id=56',\r\n    processing: false,\r\n    serverSide: false,\r\n\tcolumns: [{ width: '5em' }, null, null, { width: '5em' }, { width: '5em' }, { width: '5em' }],\r\n    autoWidth: false,\r\n\torder: [[0, 'desc'], [1, 'desc']],\r\n\tlengthMenu: [[10, 12, 20, 24, 36, 50, -1 ],\r\n\t             [10, 12, 20, 24, 36, 50, 'Todos']],\r\n\tlayout: {\r\n        top1Start: {\r\n            buttons: [\r\n                'copy', 'csv', 'excel',\r\n\t\t\t\t{\r\n                    extend: 'pdf',\r\n                    \/\/text: 'Save current page',\r\n                    \/\/messageTop: 'Teste',\r\n\t\t\t\t\t\/\/messageBottom: 'Site: {@site-url}',\r\n\t\t\t\t\tcustomize: function ( doc ) {\r\n\t\t\t\t\t\tdoc['header']=(function() {\r\n\t\t\t\t\t\t\treturn {\r\n\t\t\t\t\t\t\t\tcolumns: [\r\n\t\t\t\t\t\t\t\t\t{\r\n\t\t\t\t\t\t\t\t\t\talignment: 'center',\r\n\t\t\t\t\t\t\t\t\t\ttext: ['Instituto de Previd\u00eancia Municipal de Ubatuba']\r\n\t\t\t\t\t\t\t\t\t}\r\n\t\t\t\t\t\t\t\t],\r\n\t\t\t\t\t\t\t\tmargin: [10,10]\r\n\t\t\t\t\t\t\t}\r\n\t\t\t\t\t\t});\r\n\t\t\t\t\t\tdoc['footer']=(function(page, pages) {\r\n\t\t\t\t\t\t\treturn {\r\n\t\t\t\t\t\t\t\tcolumns: [\r\n\t\t\t\t\t\t\t\t\t{\r\n\t\t\t\t\t\t\t\t\t\talignment: 'left',\r\n\t\t\t\t\t\t\t\t\t\ttext: ['URL: https:\/\/ipmu.com.br']\r\n\t\t\t\t\t\t\t\t\t},\r\n\t\t\t\t\t\t\t\t\t{\r\n\t\t\t\t\t\t\t\t\t\talignment: 'right',\r\n\t\t\t\t\t\t\t\t\t\ttext: [\r\n\t\t\t\t\t\t\t\t\t\t\t'P\u00e1g.: ',\r\n\t\t\t\t\t\t\t\t\t\t\t{ text: page.toString()},\r\n\t\t\t\t\t\t\t\t\t\t\t' de ',\r\n\t\t\t\t\t\t\t\t\t\t\t{ text: pages.toString()}\r\n\t\t\t\t\t\t\t\t\t\t]\r\n\t\t\t\t\t\t\t\t\t}\r\n\t\t\t\t\t\t\t\t],\r\n\t\t\t\t\t\t\t\tmargin: [10, 0]\r\n\t\t\t\t\t\t\t}\r\n\t\t\t\t\t\t});\r\n\r\n\t\t\t\t\t}\t\t\t\t\t\t\t\t\t\t\t\r\n                }\r\n            ]\r\n        }\r\n    },\r\n\tlanguage: {\r\n        url: '\/\/cdn.datatables.net\/plug-ins\/2.1.2\/i18n\/pt-BR.json',\r\n    },\r\n\tinitComplete: function () {\r\n        this.api()\r\n            .columns()\r\n            .every(function () {\r\n                let column = this;\r\n                let title = column.footer().textContent;\r\n \r\n                \/\/ Create input element\r\n                let input = document.createElement('input');\r\n                input.placeholder = title;\r\n\t\t\t\t\/\/input.size = 4;\r\n\t\t\t\tinput.setAttribute(\"style\",\"width:100%;\")\r\n                column.footer().replaceChildren(input);\r\n \r\n                \/\/ Event listener for user input\r\n                input.addEventListener('keyup', () => {\r\n                    if (column.search() !== this.value) {\r\n                        column.search(input.value).draw();\r\n                    }\r\n                });\r\n            });\r\n    }\r\n});\r\n<\/script>\r\n","protected":false},"excerpt":{"rendered":"<p>O INSTITUTO DE PREVID\u00caNCIA MUNICIPAL DE UBATUBA &#8211; IPMU, atendendo o que estabelece a Lei Complementar 9.717\/1998 e Resolu\u00e7\u00e3o CMN n\u00ba 3.922\/2010, apresenta sua Pol\u00edtica de Investimentos, aprovada por seu \u00f3rg\u00e3o superior competente. Objetivo Geral: Estabelecer as diretrizes gerais para aplica\u00e7\u00e3o dos recursos garantidores dos pagamentos dos segurados e benefici\u00e1rios do regime, visando atingir a [&hellip;]<\/p>\n","protected":false},"author":1,"featured_media":0,"parent":170,"menu_order":0,"comment_status":"closed","ping_status":"closed","template":"","meta":{"ocean_post_layout":"","ocean_both_sidebars_style":"","ocean_both_sidebars_content_width":0,"ocean_both_sidebars_sidebars_width":0,"ocean_sidebar":"0","ocean_second_sidebar":"0","ocean_disable_margins":"enable","ocean_add_body_class":"","ocean_shortcode_before_top_bar":"","ocean_shortcode_after_top_bar":"","ocean_shortcode_before_header":"","ocean_shortcode_after_header":"","ocean_has_shortcode":"","ocean_shortcode_after_title":"","ocean_shortcode_before_footer_widgets":"","ocean_shortcode_after_footer_widgets":"","ocean_shortcode_before_footer_bottom":"","ocean_shortcode_after_footer_bottom":"","ocean_display_top_bar":"default","ocean_display_header":"default","ocean_header_style":"","ocean_center_header_left_menu":"0","ocean_custom_header_template":"0","ocean_custom_logo":0,"ocean_custom_retina_logo":0,"ocean_custom_logo_max_width":0,"ocean_custom_logo_tablet_max_width":0,"ocean_custom_logo_mobile_max_width":0,"ocean_custom_logo_max_height":0,"ocean_custom_logo_tablet_max_height":0,"ocean_custom_logo_mobile_max_height":0,"ocean_header_custom_menu":"0","ocean_menu_typo_font_family":"0","ocean_menu_typo_font_subset":"","ocean_menu_typo_font_size":0,"ocean_menu_typo_font_size_tablet":0,"ocean_menu_typo_font_size_mobile":0,"ocean_menu_typo_font_size_unit":"px","ocean_menu_typo_font_weight":"","ocean_menu_typo_font_weight_tablet":"","ocean_menu_typo_font_weight_mobile":"","ocean_menu_typo_transform":"","ocean_menu_typo_transform_tablet":"","ocean_menu_typo_transform_mobile":"","ocean_menu_typo_line_height":0,"ocean_menu_typo_line_height_tablet":0,"ocean_menu_typo_line_height_mobile":0,"ocean_menu_typo_line_height_unit":"","ocean_menu_typo_spacing":0,"ocean_menu_typo_spacing_tablet":0,"ocean_menu_typo_spacing_mobile":0,"ocean_menu_typo_spacing_unit":"","ocean_menu_link_color":"","ocean_menu_link_color_hover":"","ocean_menu_link_color_active":"","ocean_menu_link_background":"","ocean_menu_link_hover_background":"","ocean_menu_link_active_background":"","ocean_menu_social_links_bg":"","ocean_menu_social_hover_links_bg":"","ocean_menu_social_links_color":"","ocean_menu_social_hover_links_color":"","ocean_disable_title":"default","ocean_disable_heading":"default","ocean_post_title":"","ocean_post_subheading":"","ocean_post_title_style":"","ocean_post_title_background_color":"","ocean_post_title_background":0,"ocean_post_title_bg_image_position":"","ocean_post_title_bg_image_attachment":"","ocean_post_title_bg_image_repeat":"","ocean_post_title_bg_image_size":"","ocean_post_title_height":0,"ocean_post_title_bg_overlay":0.5,"ocean_post_title_bg_overlay_color":"","ocean_disable_breadcrumbs":"default","ocean_breadcrumbs_color":"","ocean_breadcrumbs_separator_color":"","ocean_breadcrumbs_links_color":"","ocean_breadcrumbs_links_hover_color":"","ocean_display_footer_widgets":"default","ocean_display_footer_bottom":"default","ocean_custom_footer_template":"0","footnotes":""},"class_list":["post-166","page","type-page","status-publish","hentry","entry"],"jetpack_sharing_enabled":true,"_links":{"self":[{"href":"https:\/\/ipmu.com.br\/site\/wp-json\/wp\/v2\/pages\/166","targetHints":{"allow":["GET"]}}],"collection":[{"href":"https:\/\/ipmu.com.br\/site\/wp-json\/wp\/v2\/pages"}],"about":[{"href":"https:\/\/ipmu.com.br\/site\/wp-json\/wp\/v2\/types\/page"}],"author":[{"embeddable":true,"href":"https:\/\/ipmu.com.br\/site\/wp-json\/wp\/v2\/users\/1"}],"replies":[{"embeddable":true,"href":"https:\/\/ipmu.com.br\/site\/wp-json\/wp\/v2\/comments?post=166"}],"version-history":[{"count":2,"href":"https:\/\/ipmu.com.br\/site\/wp-json\/wp\/v2\/pages\/166\/revisions"}],"predecessor-version":[{"id":185441,"href":"https:\/\/ipmu.com.br\/site\/wp-json\/wp\/v2\/pages\/166\/revisions\/185441"}],"up":[{"embeddable":true,"href":"https:\/\/ipmu.com.br\/site\/wp-json\/wp\/v2\/pages\/170"}],"wp:attachment":[{"href":"https:\/\/ipmu.com.br\/site\/wp-json\/wp\/v2\/media?parent=166"}],"curies":[{"name":"wp","href":"https:\/\/api.w.org\/{rel}","templated":true}]}}