{"id":163,"date":"2015-01-27T05:40:28","date_gmt":"2015-01-27T08:40:28","guid":{"rendered":"https:\/\/sites.teratec.com.br\/ipmu\/?page_id=163"},"modified":"2025-04-29T07:24:46","modified_gmt":"2025-04-29T10:24:46","slug":"regulainvestimentos","status":"publish","type":"page","link":"https:\/\/ipmu.com.br\/site\/comite-de-investimentos\/regulainvestimentos\/","title":{"rendered":"Regulamenta\u00e7\u00e3o"},"content":{"rendered":"\n<p>O Comit\u00ea de Investimentos, criado conforme Decis\u00e3o Normativa do Conselho de Administra\u00e7\u00e3o, em 19\/12\/2002, com a finalidade de auxiliar na gest\u00e3o dos recursos financeiros do IPMU, \u00e9 o \u00f3rg\u00e3o respons\u00e1vel para tomar decis\u00f5es sobre a movimenta\u00e7\u00e3o das aplica\u00e7\u00f5es financeiras, obedecendo as diretrizes da Pol\u00edtica de Investimentos aprovada pelo Conselho de Administra\u00e7\u00e3o.<\/p>\n\n\n\n<p>Composi\u00e7\u00e3o:<\/p>\n\n\n\n<p>\u2022 Presidente do IPMU<\/p>\n\n\n\n<p>\u2022 Diretor Administrativo Financeiro do IPMU<\/p>\n\n\n\n<p>\u2022 01 (um) Membro do Conselho de Administra\u00e7\u00e3o eleito<\/p>\n\n\n\n<p>\u2022 01 (um) Membro do Conselho de Administra\u00e7\u00e3o indicado<\/p>\n\n\n\n<p>\u2022 Membro do Conselho de Administra\u00e7\u00e3o respons\u00e1vel pela movimenta\u00e7\u00e3o financeira juntamente como o Presidente e o Diretor Administrativa Financeiro<\/p>\n\n\n\n<link href=\"https:\/\/cdnjs.cloudflare.com\/ajax\/libs\/jqueryui\/1.13.2\/themes\/base\/jquery-ui.min.css\" rel=\"stylesheet\">\n<link href=\"https:\/\/cdn.datatables.net\/v\/ju\/jszip-3.10.1\/dt-2.1.2\/b-3.1.0\/b-html5-3.1.0\/b-print-3.1.0\/date-1.5.3\/kt-2.12.1\/r-3.0.2\/sc-2.4.3\/datatables.min.css\" rel=\"stylesheet\">\n \n<script src=\"https:\/\/cdnjs.cloudflare.com\/ajax\/libs\/pdfmake\/0.2.7\/pdfmake.min.js\"><\/script>\n<script src=\"https:\/\/cdnjs.cloudflare.com\/ajax\/libs\/pdfmake\/0.2.7\/vfs_fonts.js\"><\/script>\n<script src=\"https:\/\/cdn.datatables.net\/v\/ju\/jszip-3.10.1\/dt-2.1.2\/b-3.1.0\/b-html5-3.1.0\/b-print-3.1.0\/date-1.5.3\/kt-2.12.1\/r-3.0.2\/sc-2.4.3\/datatables.min.js\"><\/script>\n<script src=\"https:\/\/cdnjs.cloudflare.com\/ajax\/libs\/jqueryui\/1.13.2\/jquery-ui.min.js\"><\/script>\n\n<table id=\"apr\" class=\"display compact\">\n\t<thead>\n\t\t<tr>\n\t\t\t<th>Ano<\/th>\n\t\t\t<th>T\u00edtulo<\/th>\n\t\t\t<th>Descri\u00e7\u00e3o<\/th>\n\t\t\t<th>Downloads<\/th>\n\t\t\t<th>Tamanho<\/th>\n\t\t\t<th>Op\u00e7\u00f5es<\/th>\n\t\t<\/tr>\n\t<\/thead>\n\t<tfoot style=\"display: table-header-group !important;\">\n\t\t<tr>\n\t\t\t<th style=\"max-width: 4em\">Ano<\/th>\n\t\t\t<th>T\u00edtulo<\/th>\n\t\t\t<th>Descri\u00e7\u00e3o<\/th>\n\t\t\t<th style=\"max-width: 4em\">Downloads<\/th>\n\t\t\t<th style=\"max-width: 4em\">Tamanho<\/th>\n\t\t\t<th style=\"max-width: 4em\">Op\u00e7\u00f5es<\/th>\n\t\t<\/tr>\n\t<\/tfoot>\n\t<tbody>\n\t\t<tr>\n\t\t\t<td><\/td>\n\t\t\t<td><\/td>\n\t\t\t<td><\/td>\n\t\t\t<td><\/td>\n\t\t\t<td style=\"text-align:right;\"><\/td>\n\t\t\t<td><\/td>\n\t\t<\/tr>\n\t<\/tbody>\n<\/table>\n<script>\nlet table = new DataTable('#apr', {\n\tajax: 'https:\/\/ipmu.com.br\/json\/?term_id=55',\n    processing: false,\n    serverSide: false,\n\tcolumns: [{ width: '5em' }, null, null, { width: '5em' }, { width: '5em' }, { width: '5em' }],\n    autoWidth: false,\n\torder: [[0, 'desc'], [1, 'desc']],\n\tlengthMenu: [[10, 12, 20, 24, 36, 50, -1 ],\n\t             [10, 12, 20, 24, 36, 50, 'Todos']],\n\tlayout: {\n        top1Start: {\n            buttons: [\n                'copy', 'csv', 'excel',\n\t\t\t\t{\n                    extend: 'pdf',\n                    \/\/text: 'Save current page',\n                    \/\/messageTop: 'Teste',\n\t\t\t\t\t\/\/messageBottom: 'Site: {@site-url}',\n\t\t\t\t\tcustomize: function ( doc ) {\n\t\t\t\t\t\tdoc['header']=(function() {\n\t\t\t\t\t\t\treturn {\n\t\t\t\t\t\t\t\tcolumns: [\n\t\t\t\t\t\t\t\t\t{\n\t\t\t\t\t\t\t\t\t\talignment: 'center',\n\t\t\t\t\t\t\t\t\t\ttext: ['Instituto de Previd\u00eancia Municipal de Ubatuba']\n\t\t\t\t\t\t\t\t\t}\n\t\t\t\t\t\t\t\t],\n\t\t\t\t\t\t\t\tmargin: [10,10]\n\t\t\t\t\t\t\t}\n\t\t\t\t\t\t});\n\t\t\t\t\t\tdoc['footer']=(function(page, pages) {\n\t\t\t\t\t\t\treturn {\n\t\t\t\t\t\t\t\tcolumns: [\n\t\t\t\t\t\t\t\t\t{\n\t\t\t\t\t\t\t\t\t\talignment: 'left',\n\t\t\t\t\t\t\t\t\t\ttext: ['URL: https:\/\/ipmu.com.br']\n\t\t\t\t\t\t\t\t\t},\n\t\t\t\t\t\t\t\t\t{\n\t\t\t\t\t\t\t\t\t\talignment: 'right',\n\t\t\t\t\t\t\t\t\t\ttext: [\n\t\t\t\t\t\t\t\t\t\t\t'P\u00e1g.: ',\n\t\t\t\t\t\t\t\t\t\t\t{ text: page.toString()},\n\t\t\t\t\t\t\t\t\t\t\t' de ',\n\t\t\t\t\t\t\t\t\t\t\t{ text: pages.toString()}\n\t\t\t\t\t\t\t\t\t\t]\n\t\t\t\t\t\t\t\t\t}\n\t\t\t\t\t\t\t\t],\n\t\t\t\t\t\t\t\tmargin: [10, 0]\n\t\t\t\t\t\t\t}\n\t\t\t\t\t\t});\n\n\t\t\t\t\t}\t\t\t\t\t\t\t\t\t\t\t\n                }\n            ]\n        }\n    },\n\tlanguage: {\n        url: '\/\/cdn.datatables.net\/plug-ins\/2.1.2\/i18n\/pt-BR.json',\n    },\n\tinitComplete: function () {\n        this.api()\n            .columns()\n            .every(function () {\n                let column = this;\n                let title = column.footer().textContent;\n \n                \/\/ Create input element\n                let input = document.createElement('input');\n                input.placeholder = title;\n\t\t\t\t\/\/input.size = 4;\n\t\t\t\tinput.setAttribute(\"style\",\"width:100%;\")\n                column.footer().replaceChildren(input);\n \n                \/\/ Event listener for user input\n                input.addEventListener('keyup', () => {\n                    if (column.search() !== this.value) {\n                        column.search(input.value).draw();\n                    }\n                });\n            });\n    }\n});\n<\/script>\n","protected":false},"excerpt":{"rendered":"<p>O Comit\u00ea de Investimentos, criado conforme Decis\u00e3o Normativa do Conselho de Administra\u00e7\u00e3o, em 19\/12\/2002, com a finalidade de auxiliar na gest\u00e3o dos recursos financeiros do IPMU, \u00e9 o \u00f3rg\u00e3o respons\u00e1vel para tomar decis\u00f5es sobre a movimenta\u00e7\u00e3o das aplica\u00e7\u00f5es financeiras, obedecendo as diretrizes da Pol\u00edtica de Investimentos aprovada pelo Conselho de Administra\u00e7\u00e3o. Composi\u00e7\u00e3o: \u2022 Presidente do [&hellip;]<\/p>\n","protected":false},"author":1,"featured_media":0,"parent":170,"menu_order":0,"comment_status":"closed","ping_status":"closed","template":"","meta":{"ocean_post_layout":"","ocean_both_sidebars_style":"","ocean_both_sidebars_content_width":0,"ocean_both_sidebars_sidebars_width":0,"ocean_sidebar":"0","ocean_second_sidebar":"0","ocean_disable_margins":"enable","ocean_add_body_class":"","ocean_shortcode_before_top_bar":"","ocean_shortcode_after_top_bar":"","ocean_shortcode_before_header":"","ocean_shortcode_after_header":"","ocean_has_shortcode":"","ocean_shortcode_after_title":"","ocean_shortcode_before_footer_widgets":"","ocean_shortcode_after_footer_widgets":"","ocean_shortcode_before_footer_bottom":"","ocean_shortcode_after_footer_bottom":"","ocean_display_top_bar":"default","ocean_display_header":"default","ocean_header_style":"","ocean_center_header_left_menu":"0","ocean_custom_header_template":"0","ocean_custom_logo":0,"ocean_custom_retina_logo":0,"ocean_custom_logo_max_width":0,"ocean_custom_logo_tablet_max_width":0,"ocean_custom_logo_mobile_max_width":0,"ocean_custom_logo_max_height":0,"ocean_custom_logo_tablet_max_height":0,"ocean_custom_logo_mobile_max_height":0,"ocean_header_custom_menu":"0","ocean_menu_typo_font_family":"0","ocean_menu_typo_font_subset":"","ocean_menu_typo_font_size":0,"ocean_menu_typo_font_size_tablet":0,"ocean_menu_typo_font_size_mobile":0,"ocean_menu_typo_font_size_unit":"px","ocean_menu_typo_font_weight":"","ocean_menu_typo_font_weight_tablet":"","ocean_menu_typo_font_weight_mobile":"","ocean_menu_typo_transform":"","ocean_menu_typo_transform_tablet":"","ocean_menu_typo_transform_mobile":"","ocean_menu_typo_line_height":0,"ocean_menu_typo_line_height_tablet":0,"ocean_menu_typo_line_height_mobile":0,"ocean_menu_typo_line_height_unit":"","ocean_menu_typo_spacing":0,"ocean_menu_typo_spacing_tablet":0,"ocean_menu_typo_spacing_mobile":0,"ocean_menu_typo_spacing_unit":"","ocean_menu_link_color":"","ocean_menu_link_color_hover":"","ocean_menu_link_color_active":"","ocean_menu_link_background":"","ocean_menu_link_hover_background":"","ocean_menu_link_active_background":"","ocean_menu_social_links_bg":"","ocean_menu_social_hover_links_bg":"","ocean_menu_social_links_color":"","ocean_menu_social_hover_links_color":"","ocean_disable_title":"default","ocean_disable_heading":"default","ocean_post_title":"","ocean_post_subheading":"","ocean_post_title_style":"","ocean_post_title_background_color":"","ocean_post_title_background":0,"ocean_post_title_bg_image_position":"","ocean_post_title_bg_image_attachment":"","ocean_post_title_bg_image_repeat":"","ocean_post_title_bg_image_size":"","ocean_post_title_height":0,"ocean_post_title_bg_overlay":0.5,"ocean_post_title_bg_overlay_color":"","ocean_disable_breadcrumbs":"default","ocean_breadcrumbs_color":"","ocean_breadcrumbs_separator_color":"","ocean_breadcrumbs_links_color":"","ocean_breadcrumbs_links_hover_color":"","ocean_display_footer_widgets":"default","ocean_display_footer_bottom":"default","ocean_custom_footer_template":"0","footnotes":""},"class_list":["post-163","page","type-page","status-publish","hentry","entry"],"jetpack_sharing_enabled":true,"_links":{"self":[{"href":"https:\/\/ipmu.com.br\/site\/wp-json\/wp\/v2\/pages\/163","targetHints":{"allow":["GET"]}}],"collection":[{"href":"https:\/\/ipmu.com.br\/site\/wp-json\/wp\/v2\/pages"}],"about":[{"href":"https:\/\/ipmu.com.br\/site\/wp-json\/wp\/v2\/types\/page"}],"author":[{"embeddable":true,"href":"https:\/\/ipmu.com.br\/site\/wp-json\/wp\/v2\/users\/1"}],"replies":[{"embeddable":true,"href":"https:\/\/ipmu.com.br\/site\/wp-json\/wp\/v2\/comments?post=163"}],"version-history":[{"count":4,"href":"https:\/\/ipmu.com.br\/site\/wp-json\/wp\/v2\/pages\/163\/revisions"}],"predecessor-version":[{"id":183618,"href":"https:\/\/ipmu.com.br\/site\/wp-json\/wp\/v2\/pages\/163\/revisions\/183618"}],"up":[{"embeddable":true,"href":"https:\/\/ipmu.com.br\/site\/wp-json\/wp\/v2\/pages\/170"}],"wp:attachment":[{"href":"https:\/\/ipmu.com.br\/site\/wp-json\/wp\/v2\/media?parent=163"}],"curies":[{"name":"wp","href":"https:\/\/api.w.org\/{rel}","templated":true}]}}