{"id":108,"date":"2015-01-26T23:00:56","date_gmt":"2015-01-27T02:00:56","guid":{"rendered":"https:\/\/sites.teratec.com.br\/ipmu\/?page_id=108"},"modified":"2024-07-27T21:42:19","modified_gmt":"2024-07-28T00:42:19","slug":"historia","status":"publish","type":"page","link":"https:\/\/ipmu.com.br\/site\/instituto\/historia\/","title":{"rendered":"<i class=\"fa fa-clock-o\"><\/i> Hist\u00f3ria"},"content":{"rendered":"\n<p>O <strong>Instituto de Previd\u00eancia Municipal de Ubatuba \u2013 IPMU<\/strong>, \u00e9 uma autarquia, dotada de autonomia administrativa, patrimonial e financeira, com a finalidade de gerenciar e operacionalizar o Regime Pr\u00f3prio de Previd\u00eancia Social do Munic\u00edpio de Ubatuba, cujos segurados s\u00e3o os servidores p\u00fablicos titulares de cargos efetivos dos \u00f3rg\u00e3os dos Poderes Executivo e Legislativo, suas autarquias, assim como os seus benefici\u00e1rios pensionistas.<\/p>\n\n\n\n<p>O IPMU iniciou suas atividades como Fundo de Aposentadorias e Pens\u00f5es com a promulga\u00e7\u00e3o da Lei n\u00ba 1.349\/94 e transformado em Instituto de Previd\u00eancia pela Lei 2.162\/02. Hoje \u00e9 regido pela Lei n\u00ba 2.650\/05. As mudan\u00e7as visam adaptar o regime \u00e0 Legisla\u00e7\u00e3o Federal.<\/p>\n\n\n\n<p>O sistema previdenci\u00e1rio \u00e9 contributivo e solid\u00e1rio, sendo que todos contribuem para todos.<\/p>\n\n\n\n<p>A administra\u00e7\u00e3o do IPMU, \u00e9 realizada atrav\u00e9s da <a href=\"..\/..\/diretorias\/\">Diretoria Executiva<\/a> e dos <a href=\"..\/..\/conselhos\/\">Conselhos<\/a>.<\/p>\n","protected":false},"excerpt":{"rendered":"<p>O Instituto de Previd\u00eancia Municipal de Ubatuba \u2013 IPMU, \u00e9 uma autarquia, dotada de autonomia administrativa, patrimonial e financeira, com a finalidade de gerenciar e operacionalizar o Regime Pr\u00f3prio de Previd\u00eancia Social do Munic\u00edpio de Ubatuba, cujos segurados s\u00e3o os servidores p\u00fablicos titulares de cargos efetivos dos \u00f3rg\u00e3os dos Poderes Executivo e Legislativo, suas autarquias, [&hellip;]<\/p>\n","protected":false},"author":1,"featured_media":0,"parent":106,"menu_order":0,"comment_status":"closed","ping_status":"open","template":"","meta":{"ocean_post_layout":"","ocean_both_sidebars_style":"","ocean_both_sidebars_content_width":0,"ocean_both_sidebars_sidebars_width":0,"ocean_sidebar":"","ocean_second_sidebar":"","ocean_disable_margins":"enable","ocean_add_body_class":"","ocean_shortcode_before_top_bar":"","ocean_shortcode_after_top_bar":"","ocean_shortcode_before_header":"","ocean_shortcode_after_header":"","ocean_has_shortcode":"","ocean_shortcode_after_title":"","ocean_shortcode_before_footer_widgets":"","ocean_shortcode_after_footer_widgets":"","ocean_shortcode_before_footer_bottom":"","ocean_shortcode_after_footer_bottom":"","ocean_display_top_bar":"default","ocean_display_header":"default","ocean_header_style":"","ocean_center_header_left_menu":"","ocean_custom_header_template":"","ocean_custom_logo":0,"ocean_custom_retina_logo":0,"ocean_custom_logo_max_width":0,"ocean_custom_logo_tablet_max_width":0,"ocean_custom_logo_mobile_max_width":0,"ocean_custom_logo_max_height":0,"ocean_custom_logo_tablet_max_height":0,"ocean_custom_logo_mobile_max_height":0,"ocean_header_custom_menu":"","ocean_menu_typo_font_family":"","ocean_menu_typo_font_subset":"","ocean_menu_typo_font_size":0,"ocean_menu_typo_font_size_tablet":0,"ocean_menu_typo_font_size_mobile":0,"ocean_menu_typo_font_size_unit":"px","ocean_menu_typo_font_weight":"","ocean_menu_typo_font_weight_tablet":"","ocean_menu_typo_font_weight_mobile":"","ocean_menu_typo_transform":"","ocean_menu_typo_transform_tablet":"","ocean_menu_typo_transform_mobile":"","ocean_menu_typo_line_height":0,"ocean_menu_typo_line_height_tablet":0,"ocean_menu_typo_line_height_mobile":0,"ocean_menu_typo_line_height_unit":"","ocean_menu_typo_spacing":0,"ocean_menu_typo_spacing_tablet":0,"ocean_menu_typo_spacing_mobile":0,"ocean_menu_typo_spacing_unit":"","ocean_menu_link_color":"","ocean_menu_link_color_hover":"","ocean_menu_link_color_active":"","ocean_menu_link_background":"","ocean_menu_link_hover_background":"","ocean_menu_link_active_background":"","ocean_menu_social_links_bg":"","ocean_menu_social_hover_links_bg":"","ocean_menu_social_links_color":"","ocean_menu_social_hover_links_color":"","ocean_disable_title":"default","ocean_disable_heading":"default","ocean_post_title":"","ocean_post_subheading":"","ocean_post_title_style":"","ocean_post_title_background_color":"","ocean_post_title_background":0,"ocean_post_title_bg_image_position":"","ocean_post_title_bg_image_attachment":"","ocean_post_title_bg_image_repeat":"","ocean_post_title_bg_image_size":"","ocean_post_title_height":0,"ocean_post_title_bg_overlay":0.5,"ocean_post_title_bg_overlay_color":"","ocean_disable_breadcrumbs":"default","ocean_breadcrumbs_color":"","ocean_breadcrumbs_separator_color":"","ocean_breadcrumbs_links_color":"","ocean_breadcrumbs_links_hover_color":"","ocean_display_footer_widgets":"default","ocean_display_footer_bottom":"default","ocean_custom_footer_template":"","footnotes":""},"class_list":["post-108","page","type-page","status-publish","hentry","entry"],"jetpack_sharing_enabled":true,"_links":{"self":[{"href":"https:\/\/ipmu.com.br\/site\/wp-json\/wp\/v2\/pages\/108","targetHints":{"allow":["GET"]}}],"collection":[{"href":"https:\/\/ipmu.com.br\/site\/wp-json\/wp\/v2\/pages"}],"about":[{"href":"https:\/\/ipmu.com.br\/site\/wp-json\/wp\/v2\/types\/page"}],"author":[{"embeddable":true,"href":"https:\/\/ipmu.com.br\/site\/wp-json\/wp\/v2\/users\/1"}],"replies":[{"embeddable":true,"href":"https:\/\/ipmu.com.br\/site\/wp-json\/wp\/v2\/comments?post=108"}],"version-history":[{"count":0,"href":"https:\/\/ipmu.com.br\/site\/wp-json\/wp\/v2\/pages\/108\/revisions"}],"up":[{"embeddable":true,"href":"https:\/\/ipmu.com.br\/site\/wp-json\/wp\/v2\/pages\/106"}],"wp:attachment":[{"href":"https:\/\/ipmu.com.br\/site\/wp-json\/wp\/v2\/media?parent=108"}],"curies":[{"name":"wp","href":"https:\/\/api.w.org\/{rel}","templated":true}]}}