{"id":1013,"date":"2016-01-21T15:27:25","date_gmt":"2016-01-21T18:27:25","guid":{"rendered":"https:\/\/sites.teratec.com.br\/ipmu\/?page_id=1013"},"modified":"2024-07-28T10:08:21","modified_gmt":"2024-07-28T13:08:21","slug":"crp","status":"publish","type":"page","link":"https:\/\/ipmu.com.br\/site\/transparencia\/crp\/","title":{"rendered":"CRP"},"content":{"rendered":"\r\n<link href=\"https:\/\/cdnjs.cloudflare.com\/ajax\/libs\/jqueryui\/1.13.2\/themes\/base\/jquery-ui.min.css\" rel=\"stylesheet\">\r\n<link href=\"https:\/\/cdn.datatables.net\/v\/ju\/jszip-3.10.1\/dt-2.1.2\/b-3.1.0\/b-html5-3.1.0\/b-print-3.1.0\/date-1.5.3\/kt-2.12.1\/r-3.0.2\/sc-2.4.3\/datatables.min.css\" rel=\"stylesheet\">\r\n \r\n<script src=\"https:\/\/cdnjs.cloudflare.com\/ajax\/libs\/pdfmake\/0.2.7\/pdfmake.min.js\"><\/script>\r\n<script src=\"https:\/\/cdnjs.cloudflare.com\/ajax\/libs\/pdfmake\/0.2.7\/vfs_fonts.js\"><\/script>\r\n<script src=\"https:\/\/cdn.datatables.net\/v\/ju\/jszip-3.10.1\/dt-2.1.2\/b-3.1.0\/b-html5-3.1.0\/b-print-3.1.0\/date-1.5.3\/kt-2.12.1\/r-3.0.2\/sc-2.4.3\/datatables.min.js\"><\/script>\r\n<script src=\"https:\/\/cdnjs.cloudflare.com\/ajax\/libs\/jqueryui\/1.13.2\/jquery-ui.min.js\"><\/script>\r\n\r\n<table id=\"apr\" class=\"display compact\">\r\n\t<thead>\r\n\t\t<tr>\r\n\t\t\t<th>Ano<\/th>\r\n\t\t\t<th>T\u00edtulo<\/th>\r\n\t\t\t<th>Descri\u00e7\u00e3o<\/th>\r\n\t\t\t<th>Downloads<\/th>\r\n\t\t\t<th>Tamanho<\/th>\r\n\t\t\t<th>Op\u00e7\u00f5es<\/th>\r\n\t\t<\/tr>\r\n\t<\/thead>\r\n\t<tfoot style=\"display: table-header-group !important;\">\r\n\t\t<tr>\r\n\t\t\t<th style=\"max-width: 4em\">Ano<\/th>\r\n\t\t\t<th>T\u00edtulo<\/th>\r\n\t\t\t<th>Descri\u00e7\u00e3o<\/th>\r\n\t\t\t<th style=\"max-width: 4em\">Downloads<\/th>\r\n\t\t\t<th style=\"max-width: 4em\">Tamanho<\/th>\r\n\t\t\t<th style=\"max-width: 4em\">Op\u00e7\u00f5es<\/th>\r\n\t\t<\/tr>\r\n\t<\/tfoot>\r\n\t<tbody>\r\n\r\n\t\t\r\n\t\t\t<tr style=\"cursor: pointer;\" onclick=\"window.location.href = '\/site\/download\/extrato-11\/?wpdmdl=191088';\">\r\n\t\t\r\n\t\t\t<td>2.026<\/td>\r\n\t\t\t<td>Extrato<\/td>\r\n\t\t\t<td><p>17 04 2026<\/p>\n<\/td>\r\n\t\t\t<td>20<\/td>\r\n\t\t\t<td style=\"text-align:right;\"><\/td>\r\n\t\t\r\n\t\t\t<td><a href=\"\/site\/download\/extrato-11\/?wpdmdl=191088\"><i class=\"fa fa-download\"><\/i> Acessar<\/a><\/td>\r\n\t\t\r\n\t\t<\/tr>\r\n\r\n\t\t\r\n\t\t\t<tr style=\"cursor: pointer;\" onclick=\"window.location.href = '\/site\/download\/crp-21\/?wpdmdl=191087';\">\r\n\t\t\r\n\t\t\t<td>2.026<\/td>\r\n\t\t\t<td>CRP<\/td>\r\n\t\t\t<td><p>13 03 2026 &#8211; 09 09 2026<\/p>\n<\/td>\r\n\t\t\t<td>19<\/td>\r\n\t\t\t<td style=\"text-align:right;\"><\/td>\r\n\t\t\r\n\t\t\t<td><a href=\"\/site\/download\/crp-21\/?wpdmdl=191087\"><i class=\"fa fa-download\"><\/i> Acessar<\/a><\/td>\r\n\t\t\r\n\t\t<\/tr>\r\n\r\n\t\t\r\n\t\t\t<tr style=\"cursor: pointer;\" onclick=\"window.location.href = '\/site\/download\/extrato-9\/?wpdmdl=140327';\">\r\n\t\t\r\n\t\t\t<td>2.025<\/td>\r\n\t\t\t<td>Extrato<\/td>\r\n\t\t\t<td><p>18 03 2025<\/p>\n<\/td>\r\n\t\t\t<td>63<\/td>\r\n\t\t\t<td style=\"text-align:right;\">139.60 KB<\/td>\r\n\t\t\r\n\t\t\t<td><a href=\"\/site\/download\/extrato-9\/?wpdmdl=140327\"><i class=\"fa fa-download\"><\/i> Acessar<\/a><\/td>\r\n\t\t\r\n\t\t<\/tr>\r\n\r\n\t\t\r\n\t\t\t<tr style=\"cursor: pointer;\" onclick=\"window.location.href = '\/site\/download\/extrato-10\/?wpdmdl=188372';\">\r\n\t\t\r\n\t\t\t<td>2.025<\/td>\r\n\t\t\t<td>Extrato<\/td>\r\n\t\t\t<td><p>14 09 2025<\/p>\n<\/td>\r\n\t\t\t<td>94<\/td>\r\n\t\t\t<td style=\"text-align:right;\"><\/td>\r\n\t\t\r\n\t\t\t<td><a href=\"\/site\/download\/extrato-10\/?wpdmdl=188372\"><i class=\"fa fa-download\"><\/i> Acessar<\/a><\/td>\r\n\t\t\r\n\t\t<\/tr>\r\n\r\n\t\t\r\n\t\t\t<tr style=\"cursor: pointer;\" onclick=\"window.location.href = '\/site\/download\/crp-19\/?wpdmdl=140326';\">\r\n\t\t\r\n\t\t\t<td>2.025<\/td>\r\n\t\t\t<td>CRP<\/td>\r\n\t\t\t<td><p>18 03 2025 &#8211; 14 09 2025<\/p>\n<\/td>\r\n\t\t\t<td>53<\/td>\r\n\t\t\t<td style=\"text-align:right;\">313.41 KB<\/td>\r\n\t\t\r\n\t\t\t<td><a href=\"\/site\/download\/crp-19\/?wpdmdl=140326\"><i class=\"fa fa-download\"><\/i> Acessar<\/a><\/td>\r\n\t\t\r\n\t\t<\/tr>\r\n\r\n\t\t\r\n\t\t\t<tr style=\"cursor: pointer;\" onclick=\"window.location.href = '\/site\/download\/crp-20\/?wpdmdl=188371';\">\r\n\t\t\r\n\t\t\t<td>2.025<\/td>\r\n\t\t\t<td>CRP<\/td>\r\n\t\t\t<td><p>14 09 2025 &#8211; 13 03 2026<\/p>\n<\/td>\r\n\t\t\t<td>64<\/td>\r\n\t\t\t<td style=\"text-align:right;\">312.62 KB<\/td>\r\n\t\t\r\n\t\t\t<td><a href=\"\/site\/download\/crp-20\/?wpdmdl=188371\"><i class=\"fa fa-download\"><\/i> Acessar<\/a><\/td>\r\n\t\t\r\n\t\t<\/tr>\r\n\r\n\t\t\r\n\t\t\t<tr style=\"cursor: pointer;\" onclick=\"window.location.href = '\/site\/wp-content\/uploads\/filebase\/transparencia\/crp\/CRP Emiss\u00e3o de Certificado_ (23 03 2024 - 19 09 2024 - extrato previdenci\u00e1rio).pdf';\">\r\n\t\t\t\r\n\t\t\t<td>2.024<\/td>\r\n\t\t\t<td>Extrato<\/td>\r\n\t\t\t<td><p>23 03 2024<\/p>\n<\/td>\r\n\t\t\t<td>18<\/td>\r\n\t\t\t<td style=\"text-align:right;\">137 KB<\/td>\r\n\t\t\r\n\t\t\t<td><a href=\"\/site\/wp-content\/uploads\/filebase\/transparencia\/crp\/CRP Emiss\u00e3o de Certificado_ (23 03 2024 - 19 09 2024 - extrato previdenci\u00e1rio).pdf\"><i class=\"fa fa-download\"><\/i> Acessar<\/a><\/td>\r\n\t\t\t\r\n\t\t<\/tr>\r\n\r\n\t\t\r\n\t\t\t<tr style=\"cursor: pointer;\" onclick=\"window.location.href = '\/site\/download\/extrato-8\/?wpdmdl=115155';\">\r\n\t\t\r\n\t\t\t<td>2.024<\/td>\r\n\t\t\t<td>Extrato<\/td>\r\n\t\t\t<td><p>23 09 2024<\/p>\n<\/td>\r\n\t\t\t<td>84<\/td>\r\n\t\t\t<td style=\"text-align:right;\">60.35 KB<\/td>\r\n\t\t\r\n\t\t\t<td><a href=\"\/site\/download\/extrato-8\/?wpdmdl=115155\"><i class=\"fa fa-download\"><\/i> Acessar<\/a><\/td>\r\n\t\t\r\n\t\t<\/tr>\r\n\r\n\t\t\r\n\t\t\t<tr style=\"cursor: pointer;\" onclick=\"window.location.href = '\/site\/wp-content\/uploads\/filebase\/transparencia\/crp\/CRP 23 03 2024 - 19 09 2024.pdf';\">\r\n\t\t\t\r\n\t\t\t<td>2.024<\/td>\r\n\t\t\t<td>CRP<\/td>\r\n\t\t\t<td><p>23 03 2024 &#8211; 19 09 2024<\/p>\n<\/td>\r\n\t\t\t<td>29<\/td>\r\n\t\t\t<td style=\"text-align:right;\">303 KB<\/td>\r\n\t\t\r\n\t\t\t<td><a href=\"\/site\/wp-content\/uploads\/filebase\/transparencia\/crp\/CRP 23 03 2024 - 19 09 2024.pdf\"><i class=\"fa fa-download\"><\/i> Acessar<\/a><\/td>\r\n\t\t\t\r\n\t\t<\/tr>\r\n\r\n\t\t\r\n\t\t\t<tr style=\"cursor: pointer;\" onclick=\"window.location.href = '\/site\/download\/crp-18\/?wpdmdl=115154';\">\r\n\t\t\r\n\t\t\t<td>2.024<\/td>\r\n\t\t\t<td>CRP<\/td>\r\n\t\t\t<td><p>19 09 2024 &#8211; 18 03 2025<\/p>\n<\/td>\r\n\t\t\t<td>76<\/td>\r\n\t\t\t<td style=\"text-align:right;\">298.12 KB<\/td>\r\n\t\t\r\n\t\t\t<td><a href=\"\/site\/download\/crp-18\/?wpdmdl=115154\"><i class=\"fa fa-download\"><\/i> Acessar<\/a><\/td>\r\n\t\t\r\n\t\t<\/tr>\r\n\r\n\t\t\r\n\t\t\t<tr style=\"cursor: pointer;\" onclick=\"window.location.href = '\/site\/wp-content\/uploads\/filebase\/transparencia\/crp\/CRP_ Extrato.pdf';\">\r\n\t\t\t\r\n\t\t\t<td>2.023<\/td>\r\n\t\t\t<td>Extrato<\/td>\r\n\t\t\t<td><\/td>\r\n\t\t\t<td>32<\/td>\r\n\t\t\t<td style=\"text-align:right;\">62 KB<\/td>\r\n\t\t\r\n\t\t\t<td><a href=\"\/site\/wp-content\/uploads\/filebase\/transparencia\/crp\/CRP_ Extrato.pdf\"><i class=\"fa fa-download\"><\/i> Acessar<\/a><\/td>\r\n\t\t\t\r\n\t\t<\/tr>\r\n\r\n\t\t\r\n\t\t\t<tr style=\"cursor: pointer;\" onclick=\"window.location.href = '\/site\/wp-content\/uploads\/filebase\/transparencia\/crp\/CRP 29 03 2023 - 25 09 2023.pdf';\">\r\n\t\t\t\r\n\t\t\t<td>2.023<\/td>\r\n\t\t\t<td>CRP<\/td>\r\n\t\t\t<td><p>29 03 2023 &#8211; 25 09 2023<\/p>\n<\/td>\r\n\t\t\t<td>38<\/td>\r\n\t\t\t<td style=\"text-align:right;\">282 KB<\/td>\r\n\t\t\r\n\t\t\t<td><a href=\"\/site\/wp-content\/uploads\/filebase\/transparencia\/crp\/CRP 29 03 2023 - 25 09 2023.pdf\"><i class=\"fa fa-download\"><\/i> Acessar<\/a><\/td>\r\n\t\t\t\r\n\t\t<\/tr>\r\n\r\n\t\t\r\n\t\t\t<tr style=\"cursor: pointer;\" onclick=\"window.location.href = '\/site\/wp-content\/uploads\/filebase\/transparencia\/crp\/CADPREV - Sistema de Informa\u00e7\u00f5es dos Regimes P\u00fablicos de Previd\u00eancia Social.pdf';\">\r\n\t\t\t\r\n\t\t\t<td>2.022<\/td>\r\n\t\t\t<td>Extrato<\/td>\r\n\t\t\t<td><\/td>\r\n\t\t\t<td>41<\/td>\r\n\t\t\t<td style=\"text-align:right;\">107 KB<\/td>\r\n\t\t\r\n\t\t\t<td><a href=\"\/site\/wp-content\/uploads\/filebase\/transparencia\/crp\/CADPREV - Sistema de Informa\u00e7\u00f5es dos Regimes P\u00fablicos de Previd\u00eancia Social.pdf\"><i class=\"fa fa-download\"><\/i> Acessar<\/a><\/td>\r\n\t\t\t\r\n\t\t<\/tr>\r\n\r\n\t\t\r\n\t\t\t<tr style=\"cursor: pointer;\" onclick=\"window.location.href = '\/site\/wp-content\/uploads\/filebase\/transparencia\/crp\/Extrato Previdenciario_ 01 10 2022.pdf';\">\r\n\t\t\t\r\n\t\t\t<td>2.022<\/td>\r\n\t\t\t<td>Extrato<\/td>\r\n\t\t\t<td><p>01 10 2022<\/p>\n<\/td>\r\n\t\t\t<td>32<\/td>\r\n\t\t\t<td style=\"text-align:right;\">98 KB<\/td>\r\n\t\t\r\n\t\t\t<td><a href=\"\/site\/wp-content\/uploads\/filebase\/transparencia\/crp\/Extrato Previdenciario_ 01 10 2022.pdf\"><i class=\"fa fa-download\"><\/i> Acessar<\/a><\/td>\r\n\t\t\t\r\n\t\t<\/tr>\r\n\r\n\t\t\r\n\t\t\t<tr style=\"cursor: pointer;\" onclick=\"window.location.href = '\/site\/wp-content\/uploads\/filebase\/transparencia\/crp\/Emiss\u00e3o de Certificado(2).pdf';\">\r\n\t\t\t\r\n\t\t\t<td>2.022<\/td>\r\n\t\t\t<td>CRP<\/td>\r\n\t\t\t<td><\/td>\r\n\t\t\t<td>35<\/td>\r\n\t\t\t<td style=\"text-align:right;\">272 KB<\/td>\r\n\t\t\r\n\t\t\t<td><a href=\"\/site\/wp-content\/uploads\/filebase\/transparencia\/crp\/Emiss\u00e3o de Certificado(2).pdf\"><i class=\"fa fa-download\"><\/i> Acessar<\/a><\/td>\r\n\t\t\t\r\n\t\t<\/tr>\r\n\r\n\t\t\r\n\t\t\t<tr style=\"cursor: pointer;\" onclick=\"window.location.href = '\/site\/wp-content\/uploads\/filebase\/transparencia\/crp\/CRP (01 10 2022 - 29 03 2023).pdf';\">\r\n\t\t\t\r\n\t\t\t<td>2.022<\/td>\r\n\t\t\t<td>CRP<\/td>\r\n\t\t\t<td><p>01 10 2022 &#8211; 29 03 2023<\/p>\n<\/td>\r\n\t\t\t<td>38<\/td>\r\n\t\t\t<td style=\"text-align:right;\">281 KB<\/td>\r\n\t\t\r\n\t\t\t<td><a href=\"\/site\/wp-content\/uploads\/filebase\/transparencia\/crp\/CRP (01 10 2022 - 29 03 2023).pdf\"><i class=\"fa fa-download\"><\/i> Acessar<\/a><\/td>\r\n\t\t\t\r\n\t\t<\/tr>\r\n\r\n\t\t\r\n\t\t\t<tr style=\"cursor: pointer;\" onclick=\"window.location.href = '\/site\/wp-content\/uploads\/filebase\/transparencia\/crp\/CADPREV Extrato Previdenci\u00e1rio.pdf';\">\r\n\t\t\t\r\n\t\t\t<td>2.021<\/td>\r\n\t\t\t<td>Extrato<\/td>\r\n\t\t\t<td><p>13 10 2021<\/p>\n<\/td>\r\n\t\t\t<td>33<\/td>\r\n\t\t\t<td style=\"text-align:right;\">53 KB<\/td>\r\n\t\t\r\n\t\t\t<td><a href=\"\/site\/wp-content\/uploads\/filebase\/transparencia\/crp\/CADPREV Extrato Previdenci\u00e1rio.pdf\"><i class=\"fa fa-download\"><\/i> Acessar<\/a><\/td>\r\n\t\t\t\r\n\t\t<\/tr>\r\n\r\n\t\t\r\n\t\t\t<tr style=\"cursor: pointer;\" onclick=\"window.location.href = '\/site\/wp-content\/uploads\/filebase\/transparencia\/crp\/CRP 987209 195943.pdf';\">\r\n\t\t\t\r\n\t\t\t<td>2.021<\/td>\r\n\t\t\t<td>CRP<\/td>\r\n\t\t\t<td><\/td>\r\n\t\t\t<td>43<\/td>\r\n\t\t\t<td style=\"text-align:right;\">2 MB<\/td>\r\n\t\t\r\n\t\t\t<td><a href=\"\/site\/wp-content\/uploads\/filebase\/transparencia\/crp\/CRP 987209 195943.pdf\"><i class=\"fa fa-download\"><\/i> Acessar<\/a><\/td>\r\n\t\t\t\r\n\t\t<\/tr>\r\n\r\n\t\t\r\n\t\t\t<tr style=\"cursor: pointer;\" onclick=\"window.location.href = '\/site\/wp-content\/uploads\/filebase\/transparencia\/crp\/CRP 987209 201065 validade 03 04 2022.pdf';\">\r\n\t\t\t\r\n\t\t\t<td>2.021<\/td>\r\n\t\t\t<td>CRP<\/td>\r\n\t\t\t<td><\/td>\r\n\t\t\t<td>36<\/td>\r\n\t\t\t<td style=\"text-align:right;\">267 KB<\/td>\r\n\t\t\r\n\t\t\t<td><a href=\"\/site\/wp-content\/uploads\/filebase\/transparencia\/crp\/CRP 987209 201065 validade 03 04 2022.pdf\"><i class=\"fa fa-download\"><\/i> Acessar<\/a><\/td>\r\n\t\t\t\r\n\t\t<\/tr>\r\n\r\n\t\t\r\n\t\t\t<tr style=\"cursor: pointer;\" onclick=\"window.location.href = '\/site\/wp-content\/uploads\/filebase\/transparencia\/crp\/Extrato Previdenci\u00e1rio 13 04 2020.pdf';\">\r\n\t\t\t\r\n\t\t\t<td>2.020<\/td>\r\n\t\t\t<td>Extrato<\/td>\r\n\t\t\t<td><\/td>\r\n\t\t\t<td>49<\/td>\r\n\t\t\t<td style=\"text-align:right;\">53 KB<\/td>\r\n\t\t\r\n\t\t\t<td><a href=\"\/site\/wp-content\/uploads\/filebase\/transparencia\/crp\/Extrato Previdenci\u00e1rio 13 04 2020.pdf\"><i class=\"fa fa-download\"><\/i> Acessar<\/a><\/td>\r\n\t\t\t\r\n\t\t<\/tr>\r\n\r\n\t\t\r\n\t\t\t<tr style=\"cursor: pointer;\" onclick=\"window.location.href = '\/site\/wp-content\/uploads\/filebase\/transparencia\/crp\/Emiss\u00e3o de Certificado.pdf';\">\r\n\t\t\t\r\n\t\t\t<td>2.020<\/td>\r\n\t\t\t<td>CRP<\/td>\r\n\t\t\t<td><\/td>\r\n\t\t\t<td>52<\/td>\r\n\t\t\t<td style=\"text-align:right;\">2 MB<\/td>\r\n\t\t\r\n\t\t\t<td><a href=\"\/site\/wp-content\/uploads\/filebase\/transparencia\/crp\/Emiss\u00e3o de Certificado.pdf\"><i class=\"fa fa-download\"><\/i> Acessar<\/a><\/td>\r\n\t\t\t\r\n\t\t<\/tr>\r\n\r\n\t\t\r\n\t\t\t<tr style=\"cursor: pointer;\" onclick=\"window.location.href = '\/site\/wp-content\/uploads\/filebase\/transparencia\/crp\/CRP 987209 189962.pdf';\">\r\n\t\t\t\r\n\t\t\t<td>2.020<\/td>\r\n\t\t\t<td>CRP<\/td>\r\n\t\t\t<td><\/td>\r\n\t\t\t<td>50<\/td>\r\n\t\t\t<td style=\"text-align:right;\">2 MB<\/td>\r\n\t\t\r\n\t\t\t<td><a href=\"\/site\/wp-content\/uploads\/filebase\/transparencia\/crp\/CRP 987209 189962.pdf\"><i class=\"fa fa-download\"><\/i> Acessar<\/a><\/td>\r\n\t\t\t\r\n\t\t<\/tr>\r\n\r\n\t\t\r\n\t\t\t<tr style=\"cursor: pointer;\" onclick=\"window.location.href = '\/site\/wp-content\/uploads\/filebase\/transparencia\/crp\/CRP 987209 174689.pdf';\">\r\n\t\t\t\r\n\t\t\t<td>2.019<\/td>\r\n\t\t\t<td>CRP<\/td>\r\n\t\t\t<td><p>2019<\/p>\n<\/td>\r\n\t\t\t<td>79<\/td>\r\n\t\t\t<td style=\"text-align:right;\">133 KB<\/td>\r\n\t\t\r\n\t\t\t<td><a href=\"\/site\/wp-content\/uploads\/filebase\/transparencia\/crp\/CRP 987209 174689.pdf\"><i class=\"fa fa-download\"><\/i> Acessar<\/a><\/td>\r\n\t\t\t\r\n\t\t<\/tr>\r\n\r\n\t\t\r\n\t\t\t<tr style=\"cursor: pointer;\" onclick=\"window.location.href = '\/site\/wp-content\/uploads\/filebase\/transparencia\/crp\/15 10 2018 Extrato Previdenci\u00e1rio do(s) Regime(s).pdf';\">\r\n\t\t\t\r\n\t\t\t<td>2.018<\/td>\r\n\t\t\t<td>Extrato<\/td>\r\n\t\t\t<td><p>2018<\/p>\n<\/td>\r\n\t\t\t<td>43<\/td>\r\n\t\t\t<td style=\"text-align:right;\">114 KB<\/td>\r\n\t\t\r\n\t\t\t<td><a href=\"\/site\/wp-content\/uploads\/filebase\/transparencia\/crp\/15 10 2018 Extrato Previdenci\u00e1rio do(s) Regime(s).pdf\"><i class=\"fa fa-download\"><\/i> Acessar<\/a><\/td>\r\n\t\t\t\r\n\t\t<\/tr>\r\n\r\n\t\t\r\n\t\t\t<tr style=\"cursor: pointer;\" onclick=\"window.location.href = '\/site\/wp-content\/uploads\/filebase\/transparencia\/crp\/CRP 987209 164570.pdf';\">\r\n\t\t\t\r\n\t\t\t<td>2.018<\/td>\r\n\t\t\t<td>CRP<\/td>\r\n\t\t\t<td><\/td>\r\n\t\t\t<td>88<\/td>\r\n\t\t\t<td style=\"text-align:right;\">135 KB<\/td>\r\n\t\t\r\n\t\t\t<td><a href=\"\/site\/wp-content\/uploads\/filebase\/transparencia\/crp\/CRP 987209 164570.pdf\"><i class=\"fa fa-download\"><\/i> Acessar<\/a><\/td>\r\n\t\t\t\r\n\t\t<\/tr>\r\n\r\n\t\t\r\n\t\t\t<tr style=\"cursor: pointer;\" onclick=\"window.location.href = '\/site\/wp-content\/uploads\/filebase\/transparencia\/crp\/CRP 987209 169605.pdf';\">\r\n\t\t\t\r\n\t\t\t<td>2.018<\/td>\r\n\t\t\t<td>CRP<\/td>\r\n\t\t\t<td><p>2018<\/p>\n<\/td>\r\n\t\t\t<td>97<\/td>\r\n\t\t\t<td style=\"text-align:right;\">135 KB<\/td>\r\n\t\t\r\n\t\t\t<td><a href=\"\/site\/wp-content\/uploads\/filebase\/transparencia\/crp\/CRP 987209 169605.pdf\"><i class=\"fa fa-download\"><\/i> Acessar<\/a><\/td>\r\n\t\t\t\r\n\t\t<\/tr>\r\n\r\n\t\t\r\n\t\t\t<tr style=\"cursor: pointer;\" onclick=\"window.location.href = '\/site\/wp-content\/uploads\/filebase\/transparencia\/crp\/CRP 987209 153032.pdf';\">\r\n\t\t\t\r\n\t\t\t<td>2.017<\/td>\r\n\t\t\t<td>CRP<\/td>\r\n\t\t\t<td><\/td>\r\n\t\t\t<td>108<\/td>\r\n\t\t\t<td style=\"text-align:right;\">135 KB<\/td>\r\n\t\t\r\n\t\t\t<td><a href=\"\/site\/wp-content\/uploads\/filebase\/transparencia\/crp\/CRP 987209 153032.pdf\"><i class=\"fa fa-download\"><\/i> Acessar<\/a><\/td>\r\n\t\t\t\r\n\t\t<\/tr>\r\n\r\n\t\t\r\n\t\t\t<tr style=\"cursor: pointer;\" onclick=\"window.location.href = '\/site\/wp-content\/uploads\/filebase\/transparencia\/crp\/CRP 09 10 2016 - 07 04 2017.pdf';\">\r\n\t\t\t\r\n\t\t\t<td>2.017<\/td>\r\n\t\t\t<td>CRP<\/td>\r\n\t\t\t<td><\/td>\r\n\t\t\t<td>74<\/td>\r\n\t\t\t<td style=\"text-align:right;\">134 KB<\/td>\r\n\t\t\r\n\t\t\t<td><a href=\"\/site\/wp-content\/uploads\/filebase\/transparencia\/crp\/CRP 09 10 2016 - 07 04 2017.pdf\"><i class=\"fa fa-download\"><\/i> Acessar<\/a><\/td>\r\n\t\t\t\r\n\t\t<\/tr>\r\n\r\n\t\t\r\n\t\t\t<tr style=\"cursor: pointer;\" onclick=\"window.location.href = '\/site\/wp-content\/uploads\/filebase\/transparencia\/crp\/CRP 987209 159563.pdf';\">\r\n\t\t\t\r\n\t\t\t<td>2.017<\/td>\r\n\t\t\t<td>CRP<\/td>\r\n\t\t\t<td><\/td>\r\n\t\t\t<td>86<\/td>\r\n\t\t\t<td style=\"text-align:right;\">135 KB<\/td>\r\n\t\t\r\n\t\t\t<td><a href=\"\/site\/wp-content\/uploads\/filebase\/transparencia\/crp\/CRP 987209 159563.pdf\"><i class=\"fa fa-download\"><\/i> Acessar<\/a><\/td>\r\n\t\t\t\r\n\t\t<\/tr>\r\n\r\n\t\t\r\n\t\t\t<tr style=\"cursor: pointer;\" onclick=\"window.location.href = '\/site\/wp-content\/uploads\/filebase\/transparencia\/crp\/CRP 06 10 2016 - 03 04 2016.pdf';\">\r\n\t\t\t\r\n\t\t\t<td>2.016<\/td>\r\n\t\t\t<td>CRP<\/td>\r\n\t\t\t<td><p>2016<\/p>\n<\/td>\r\n\t\t\t<td>135<\/td>\r\n\t\t\t<td style=\"text-align:right;\">140 KB<\/td>\r\n\t\t\r\n\t\t\t<td><a href=\"\/site\/wp-content\/uploads\/filebase\/transparencia\/crp\/CRP 06 10 2016 - 03 04 2016.pdf\"><i class=\"fa fa-download\"><\/i> Acessar<\/a><\/td>\r\n\t\t\t\r\n\t\t<\/tr>\r\n\r\n\t\t\r\n\t\t\t<tr style=\"cursor: pointer;\" onclick=\"window.location.href = '\/site\/wp-content\/uploads\/filebase\/transparencia\/crp\/CRP 12 04 2016 09 10 2016.pdf';\">\r\n\t\t\t\r\n\t\t\t<td>2.016<\/td>\r\n\t\t\t<td>CRP<\/td>\r\n\t\t\t<td><p>2016<\/p>\n<\/td>\r\n\t\t\t<td>102<\/td>\r\n\t\t\t<td style=\"text-align:right;\">139 KB<\/td>\r\n\t\t\r\n\t\t\t<td><a href=\"\/site\/wp-content\/uploads\/filebase\/transparencia\/crp\/CRP 12 04 2016 09 10 2016.pdf\"><i class=\"fa fa-download\"><\/i> Acessar<\/a><\/td>\r\n\t\t\t\r\n\t\t<\/tr>\r\n\r\n\t<\/tbody>\r\n<\/table>\r\n<script>\r\nlet table = new DataTable('#apr', {\r\n\tcolumns: [{ width: '5em' }, null, null, { width: '5em' }, { width: '5em' }, { width: '5em' }],\r\n    autoWidth: false,\r\n\torder: [[0, 'desc'], [1, 'desc']],\r\n\tlengthMenu: [[10, 12, 20, 24, 36, 50, -1 ],\r\n\t             [10, 12, 20, 24, 36, 50, 'Todos']],\r\n\tlayout: {\r\n        top1Start: {\r\n            buttons: [\r\n                'copy', 'csv', 'excel',\r\n\t\t\t\t{\r\n                    extend: 'pdf',\r\n                    \/\/text: 'Save current page',\r\n                    \/\/messageTop: 'Teste',\r\n\t\t\t\t\t\/\/messageBottom: 'Site: {@site-url}',\r\n\t\t\t\t\tcustomize: function ( doc ) {\r\n\t\t\t\t\t\tdoc['header']=(function() {\r\n\t\t\t\t\t\t\treturn {\r\n\t\t\t\t\t\t\t\tcolumns: [\r\n\t\t\t\t\t\t\t\t\t{\r\n\t\t\t\t\t\t\t\t\t\talignment: 'center',\r\n\t\t\t\t\t\t\t\t\t\ttext: ['Instituto de Previd\u00eancia Municipal de Ubatuba']\r\n\t\t\t\t\t\t\t\t\t}\r\n\t\t\t\t\t\t\t\t],\r\n\t\t\t\t\t\t\t\tmargin: [10,10]\r\n\t\t\t\t\t\t\t}\r\n\t\t\t\t\t\t});\r\n\t\t\t\t\t\tdoc['footer']=(function(page, pages) {\r\n\t\t\t\t\t\t\treturn {\r\n\t\t\t\t\t\t\t\tcolumns: [\r\n\t\t\t\t\t\t\t\t\t{\r\n\t\t\t\t\t\t\t\t\t\talignment: 'left',\r\n\t\t\t\t\t\t\t\t\t\ttext: ['URL: https:\/\/ipmu.com.br']\r\n\t\t\t\t\t\t\t\t\t},\r\n\t\t\t\t\t\t\t\t\t{\r\n\t\t\t\t\t\t\t\t\t\talignment: 'right',\r\n\t\t\t\t\t\t\t\t\t\ttext: [\r\n\t\t\t\t\t\t\t\t\t\t\t'P\u00e1g.: ',\r\n\t\t\t\t\t\t\t\t\t\t\t{ text: page.toString()},\r\n\t\t\t\t\t\t\t\t\t\t\t' de ',\r\n\t\t\t\t\t\t\t\t\t\t\t{ text: pages.toString()}\r\n\t\t\t\t\t\t\t\t\t\t]\r\n\t\t\t\t\t\t\t\t\t}\r\n\t\t\t\t\t\t\t\t],\r\n\t\t\t\t\t\t\t\tmargin: [10, 0]\r\n\t\t\t\t\t\t\t}\r\n\t\t\t\t\t\t});\r\n\r\n\t\t\t\t\t}\t\t\t\t\t\t\t\t\t\t\t\r\n                }\r\n            ]\r\n        }\r\n    },\r\n\tlanguage: {\r\n        url: '\/\/cdn.datatables.net\/plug-ins\/2.1.2\/i18n\/pt-BR.json',\r\n    },\r\n\tinitComplete: function () {\r\n        this.api()\r\n            .columns()\r\n            .every(function () {\r\n                let column = this;\r\n                let title = column.footer().textContent;\r\n \r\n                \/\/ Create input element\r\n                let input = document.createElement('input');\r\n                input.placeholder = title;\r\n\t\t\t\t\/\/input.size = 4;\r\n\t\t\t\tinput.setAttribute(\"style\",\"width:100%;\")\r\n                column.footer().replaceChildren(input);\r\n \r\n                \/\/ Event listener for user input\r\n                input.addEventListener('keyup', () => {\r\n                    if (column.search() !== this.value) {\r\n                        column.search(input.value).draw();\r\n                    }\r\n                });\r\n            });\r\n    }\r\n});\r\n<\/script>\r\n","protected":false},"excerpt":{"rendered":"","protected":false},"author":1,"featured_media":0,"parent":209,"menu_order":0,"comment_status":"closed","ping_status":"closed","template":"","meta":{"ocean_post_layout":"","ocean_both_sidebars_style":"","ocean_both_sidebars_content_width":0,"ocean_both_sidebars_sidebars_width":0,"ocean_sidebar":"","ocean_second_sidebar":"","ocean_disable_margins":"enable","ocean_add_body_class":"","ocean_shortcode_before_top_bar":"","ocean_shortcode_after_top_bar":"","ocean_shortcode_before_header":"","ocean_shortcode_after_header":"","ocean_has_shortcode":"","ocean_shortcode_after_title":"","ocean_shortcode_before_footer_widgets":"","ocean_shortcode_after_footer_widgets":"","ocean_shortcode_before_footer_bottom":"","ocean_shortcode_after_footer_bottom":"","ocean_display_top_bar":"default","ocean_display_header":"default","ocean_header_style":"","ocean_center_header_left_menu":"","ocean_custom_header_template":"","ocean_custom_logo":0,"ocean_custom_retina_logo":0,"ocean_custom_logo_max_width":0,"ocean_custom_logo_tablet_max_width":0,"ocean_custom_logo_mobile_max_width":0,"ocean_custom_logo_max_height":0,"ocean_custom_logo_tablet_max_height":0,"ocean_custom_logo_mobile_max_height":0,"ocean_header_custom_menu":"","ocean_menu_typo_font_family":"","ocean_menu_typo_font_subset":"","ocean_menu_typo_font_size":0,"ocean_menu_typo_font_size_tablet":0,"ocean_menu_typo_font_size_mobile":0,"ocean_menu_typo_font_size_unit":"px","ocean_menu_typo_font_weight":"","ocean_menu_typo_font_weight_tablet":"","ocean_menu_typo_font_weight_mobile":"","ocean_menu_typo_transform":"","ocean_menu_typo_transform_tablet":"","ocean_menu_typo_transform_mobile":"","ocean_menu_typo_line_height":0,"ocean_menu_typo_line_height_tablet":0,"ocean_menu_typo_line_height_mobile":0,"ocean_menu_typo_line_height_unit":"","ocean_menu_typo_spacing":0,"ocean_menu_typo_spacing_tablet":0,"ocean_menu_typo_spacing_mobile":0,"ocean_menu_typo_spacing_unit":"","ocean_menu_link_color":"","ocean_menu_link_color_hover":"","ocean_menu_link_color_active":"","ocean_menu_link_background":"","ocean_menu_link_hover_background":"","ocean_menu_link_active_background":"","ocean_menu_social_links_bg":"","ocean_menu_social_hover_links_bg":"","ocean_menu_social_links_color":"","ocean_menu_social_hover_links_color":"","ocean_disable_title":"default","ocean_disable_heading":"default","ocean_post_title":"","ocean_post_subheading":"","ocean_post_title_style":"","ocean_post_title_background_color":"","ocean_post_title_background":0,"ocean_post_title_bg_image_position":"","ocean_post_title_bg_image_attachment":"","ocean_post_title_bg_image_repeat":"","ocean_post_title_bg_image_size":"","ocean_post_title_height":0,"ocean_post_title_bg_overlay":0.5,"ocean_post_title_bg_overlay_color":"","ocean_disable_breadcrumbs":"default","ocean_breadcrumbs_color":"","ocean_breadcrumbs_separator_color":"","ocean_breadcrumbs_links_color":"","ocean_breadcrumbs_links_hover_color":"","ocean_display_footer_widgets":"default","ocean_display_footer_bottom":"default","ocean_custom_footer_template":"","footnotes":""},"class_list":["post-1013","page","type-page","status-publish","hentry","entry"],"jetpack_sharing_enabled":true,"_links":{"self":[{"href":"https:\/\/ipmu.com.br\/site\/wp-json\/wp\/v2\/pages\/1013","targetHints":{"allow":["GET"]}}],"collection":[{"href":"https:\/\/ipmu.com.br\/site\/wp-json\/wp\/v2\/pages"}],"about":[{"href":"https:\/\/ipmu.com.br\/site\/wp-json\/wp\/v2\/types\/page"}],"author":[{"embeddable":true,"href":"https:\/\/ipmu.com.br\/site\/wp-json\/wp\/v2\/users\/1"}],"replies":[{"embeddable":true,"href":"https:\/\/ipmu.com.br\/site\/wp-json\/wp\/v2\/comments?post=1013"}],"version-history":[{"count":0,"href":"https:\/\/ipmu.com.br\/site\/wp-json\/wp\/v2\/pages\/1013\/revisions"}],"up":[{"embeddable":true,"href":"https:\/\/ipmu.com.br\/site\/wp-json\/wp\/v2\/pages\/209"}],"wp:attachment":[{"href":"https:\/\/ipmu.com.br\/site\/wp-json\/wp\/v2\/media?parent=1013"}],"curies":[{"name":"wp","href":"https:\/\/api.w.org\/{rel}","templated":true}]}}